{"id":41108,"date":"2026-02-24T11:25:04","date_gmt":"2026-02-24T10:25:04","guid":{"rendered":"https:\/\/imprimeideas.es\/?post_type=product&p=41108"},"modified":"2026-02-26T18:19:42","modified_gmt":"2026-02-26T17:19:42","slug":"chanclas-sublimacion-badrak","status":"publish","type":"product","link":"https:\/\/imprimeideas.es\/en\/product\/chanclas-sublimacion-badrak\/","title":{"rendered":"Chanclas Sublimaci\u00f3n Badrak"},"content":{"rendered":"<p>Par de chanclas con suela 100% personalizable y especialmente dise\u00f1adas para marcaje en sublimaci\u00f3n. Con resistente suela de EVA, tiras de PVC en color negro y disponibles en dos tallas: 36-38 y 42-44. Set compuesto de plancha de EVA troquelada para personalizaci\u00f3n.<\/p>","protected":false},"excerpt":{"rendered":"<p>Tallas: 36-38, 42-44<\/p>","protected":false},"featured_media":70747,"comment_status":"open","ping_status":"open","template":"","meta":{"inline_featured_image":false},"product_brand":[],"product_cat":[115,114],"product_tag":[],"class_list":{"0":"post-41108","1":"product","2":"type-product","3":"status-publish","4":"has-post-thumbnail","6":"product_cat-sublimacion","7":"product_cat-verano-y-playa","9":"first","10":"instock","11":"taxable","12":"shipping-taxable","13":"purchasable","14":"product-type-variable","15":"has-default-attributes"},"aioseo_notices":[],"_links":{"self":[{"href":"https:\/\/imprimeideas.es\/en\/wp-json\/wp\/v2\/product\/41108","targetHints":{"allow":["GET"]}}],"collection":[{"href":"https:\/\/imprimeideas.es\/en\/wp-json\/wp\/v2\/product"}],"about":[{"href":"https:\/\/imprimeideas.es\/en\/wp-json\/wp\/v2\/types\/product"}],"replies":[{"embeddable":true,"href":"https:\/\/imprimeideas.es\/en\/wp-json\/wp\/v2\/comments?post=41108"}],"version-history":[{"count":1,"href":"https:\/\/imprimeideas.es\/en\/wp-json\/wp\/v2\/product\/41108\/revisions"}],"predecessor-version":[{"id":54685,"href":"https:\/\/imprimeideas.es\/en\/wp-json\/wp\/v2\/product\/41108\/revisions\/54685"}],"wp:featuredmedia":[{"embeddable":true,"href":"https:\/\/imprimeideas.es\/en\/wp-json\/wp\/v2\/media\/70747"}],"wp:attachment":[{"href":"https:\/\/imprimeideas.es\/en\/wp-json\/wp\/v2\/media?parent=41108"}],"wp:term":[{"taxonomy":"product_brand","embeddable":true,"href":"https:\/\/imprimeideas.es\/en\/wp-json\/wp\/v2\/product_brand?post=41108"},{"taxonomy":"product_cat","embeddable":true,"href":"https:\/\/imprimeideas.es\/en\/wp-json\/wp\/v2\/product_cat?post=41108"},{"taxonomy":"product_tag","embeddable":true,"href":"https:\/\/imprimeideas.es\/en\/wp-json\/wp\/v2\/product_tag?post=41108"}],"curies":[{"name":"wp","href":"https:\/\/api.w.org\/{rel}","templated":true}]}}