{"id":41099,"date":"2026-02-24T11:25:03","date_gmt":"2026-02-24T10:25:03","guid":{"rendered":"https:\/\/imprimeideas.es\/?post_type=product&p=41099"},"modified":"2026-02-26T01:58:08","modified_gmt":"2026-02-26T00:58:08","slug":"set-masaje-tefen","status":"publish","type":"product","link":"https:\/\/imprimeideas.es\/en\/product\/set-masaje-tefen\/","title":{"rendered":"Set Masaje Tefen"},"content":{"rendered":"<p>Set de masaje fabricado en madera natural. Contenido: Masajeador con mango en madera natural y patas met\u00e1licas, con suaves terminaciones de goma y efecto m\u00e1s que relajante.Masajeador cilindro para pies.Masajeador para espalda con 3 patas.Masajeador con multitud de puntos de masaje.Bolsa a juego, con cierre de cord\u00f3n y bola de ajuste. Presentaci\u00f3n en caja individual de dise\u00f1o kraft.<\/p>","protected":false},"excerpt":{"rendered":"<p>4 Accesorios. Funda Non-Woven<\/p>","protected":false},"featured_media":74722,"comment_status":"open","ping_status":"open","template":"","meta":{"inline_featured_image":false},"product_brand":[],"product_cat":[122,107],"product_tag":[],"class_list":{"0":"post-41099","1":"product","2":"type-product","3":"status-publish","4":"has-post-thumbnail","6":"product_cat-articulos-sostenibles","7":"product_cat-cuidado-personal-y-pharma","9":"first","10":"outofstock","11":"taxable","12":"shipping-taxable","13":"purchasable","14":"product-type-variable","15":"has-default-attributes"},"aioseo_notices":[],"_links":{"self":[{"href":"https:\/\/imprimeideas.es\/en\/wp-json\/wp\/v2\/product\/41099","targetHints":{"allow":["GET"]}}],"collection":[{"href":"https:\/\/imprimeideas.es\/en\/wp-json\/wp\/v2\/product"}],"about":[{"href":"https:\/\/imprimeideas.es\/en\/wp-json\/wp\/v2\/types\/product"}],"replies":[{"embeddable":true,"href":"https:\/\/imprimeideas.es\/en\/wp-json\/wp\/v2\/comments?post=41099"}],"version-history":[{"count":1,"href":"https:\/\/imprimeideas.es\/en\/wp-json\/wp\/v2\/product\/41099\/revisions"}],"predecessor-version":[{"id":54681,"href":"https:\/\/imprimeideas.es\/en\/wp-json\/wp\/v2\/product\/41099\/revisions\/54681"}],"wp:featuredmedia":[{"embeddable":true,"href":"https:\/\/imprimeideas.es\/en\/wp-json\/wp\/v2\/media\/74722"}],"wp:attachment":[{"href":"https:\/\/imprimeideas.es\/en\/wp-json\/wp\/v2\/media?parent=41099"}],"wp:term":[{"taxonomy":"product_brand","embeddable":true,"href":"https:\/\/imprimeideas.es\/en\/wp-json\/wp\/v2\/product_brand?post=41099"},{"taxonomy":"product_cat","embeddable":true,"href":"https:\/\/imprimeideas.es\/en\/wp-json\/wp\/v2\/product_cat?post=41099"},{"taxonomy":"product_tag","embeddable":true,"href":"https:\/\/imprimeideas.es\/en\/wp-json\/wp\/v2\/product_tag?post=41099"}],"curies":[{"name":"wp","href":"https:\/\/api.w.org\/{rel}","templated":true}]}}