{"id":41097,"date":"2026-02-24T11:25:03","date_gmt":"2026-02-24T10:25:03","guid":{"rendered":"https:\/\/imprimeideas.es\/?post_type=product&p=41097"},"modified":"2026-02-25T15:57:47","modified_gmt":"2026-02-25T14:57:47","slug":"auriculares-crawly","status":"publish","type":"product","link":"https:\/\/imprimeideas.es\/en\/product\/auriculares-crawly\/","title":{"rendered":"Auriculares Crawly"},"content":{"rendered":"<p>Auriculares intraurales de dise\u00f1o exclusivo Limited Edition. Con conexi\u00f3n Bluetooth 5.0, funci\u00f3n manos libres y en elegante acabado de color blanco. De dise\u00f1o ergon\u00f3mico y con bater\u00eda de 30 mAh. Incluyen bot\u00f3n de control t\u00e1ctil integrado en el auricular y luz LED de estado de carga. Base de carga a juego, con bater\u00eda de 300mAh y recubierta en corcho natural, con cable de carga Tipo C incluido. Disponible manual de instrucciones en espa\u00f1ol e ingl\u00e9s.Presentaci\u00f3n en estuche Limited Edition Experience, de dise\u00f1o \u00fanico y protegido por derechos de propiedad industrial. Incluida tarjeta en cart\u00f3n reciclado con descripci\u00f3n Limited Edition.De la perfecta combinaci\u00f3n entre exclusividad y dise\u00f1o nace Limited Edition, una colecci\u00f3n especial de ideas promocionales de edici\u00f3n limitada. Un nuevo concepto, inspirado en la fusi\u00f3n de art\u00edculos premium con las \u00faltimas tendencias, en tiradas de unidades limitadas, y ofreciendo una experiencia de regalo \u00fanica, exclusiva e inolvidable.Fabricado conforme a los est\u00e1ndares RoHS y en cumplimiento con los siguientes requisitos de seguridad:Sistema de protecci\u00f3n contra sobrecalentamiento.Sistema de protecci\u00f3n contra sobrecarga.Sistema de bloqueo para evitar cortocircuitos.<\/p>","protected":false},"excerpt":{"rendered":"<p>Conexi\u00f3n Bluetooth. Bater\u00eda 30 mAh\/ Base Carga 300 mAh<\/p>","protected":false},"featured_media":80749,"comment_status":"open","ping_status":"open","template":"","meta":{"inline_featured_image":false},"product_brand":[],"product_cat":[122,120],"product_tag":[],"class_list":{"0":"post-41097","1":"product","2":"type-product","3":"status-publish","4":"has-post-thumbnail","6":"product_cat-articulos-sostenibles","7":"product_cat-limited-edition","9":"first","10":"outofstock","11":"taxable","12":"shipping-taxable","13":"purchasable","14":"product-type-variable","15":"has-default-attributes"},"aioseo_notices":[],"_links":{"self":[{"href":"https:\/\/imprimeideas.es\/en\/wp-json\/wp\/v2\/product\/41097","targetHints":{"allow":["GET"]}}],"collection":[{"href":"https:\/\/imprimeideas.es\/en\/wp-json\/wp\/v2\/product"}],"about":[{"href":"https:\/\/imprimeideas.es\/en\/wp-json\/wp\/v2\/types\/product"}],"replies":[{"embeddable":true,"href":"https:\/\/imprimeideas.es\/en\/wp-json\/wp\/v2\/comments?post=41097"}],"version-history":[{"count":1,"href":"https:\/\/imprimeideas.es\/en\/wp-json\/wp\/v2\/product\/41097\/revisions"}],"predecessor-version":[{"id":54680,"href":"https:\/\/imprimeideas.es\/en\/wp-json\/wp\/v2\/product\/41097\/revisions\/54680"}],"wp:featuredmedia":[{"embeddable":true,"href":"https:\/\/imprimeideas.es\/en\/wp-json\/wp\/v2\/media\/80749"}],"wp:attachment":[{"href":"https:\/\/imprimeideas.es\/en\/wp-json\/wp\/v2\/media?parent=41097"}],"wp:term":[{"taxonomy":"product_brand","embeddable":true,"href":"https:\/\/imprimeideas.es\/en\/wp-json\/wp\/v2\/product_brand?post=41097"},{"taxonomy":"product_cat","embeddable":true,"href":"https:\/\/imprimeideas.es\/en\/wp-json\/wp\/v2\/product_cat?post=41097"},{"taxonomy":"product_tag","embeddable":true,"href":"https:\/\/imprimeideas.es\/en\/wp-json\/wp\/v2\/product_tag?post=41097"}],"curies":[{"name":"wp","href":"https:\/\/api.w.org\/{rel}","templated":true}]}}