{"id":41095,"date":"2026-02-24T11:25:03","date_gmt":"2026-02-24T10:25:03","guid":{"rendered":"https:\/\/imprimeideas.es\/?post_type=product&p=41095"},"modified":"2026-02-26T18:08:17","modified_gmt":"2026-02-26T17:08:17","slug":"lampara-multifuncion-borstein","status":"publish","type":"product","link":"https:\/\/imprimeideas.es\/en\/product\/lampara-multifuncion-borstein\/","title":{"rendered":"L\u00e1mpara Multifunci\u00f3n Borstein"},"content":{"rendered":"<p>L\u00e1mpara multifunci\u00f3n de dise\u00f1o exclusivo Limited Edition, en elegante acabado blanco y con detalles corcho natural. Regulable en altura, con 12 LEDs y 3 posiciones de iluminaci\u00f3n (c\u00e1lida, fr\u00eda y media) e intensidad de luz regulable. Con altavoz Bluetooth de 3W de potencia y cargador inal\u00e1mbrico integrado de 10W, compatible con dispositivos equipados con tecnolog\u00eda de carga inal\u00e1mbrica Qi. Con base antideslizante y cable cargador Tipo C de 1 m incluido. Disponible manual de instrucciones en espa\u00f1ol e ingl\u00e9s. Presentaci\u00f3n en estuche Limited Edition Experience, de dise\u00f1o \u00fanico y protegido por derechos de propiedad industrial. Incluida tarjeta en cart\u00f3n reciclado con descripci\u00f3n Limited Edition. De la perfecta combinaci\u00f3n entre exclusividad y dise\u00f1o nace Limited Edition, una colecci\u00f3n especial de ideas promocionales de edici\u00f3n limitada. Un nuevo concepto, inspirado en la fusi\u00f3n de art\u00edculos premium con las \u00faltimas tendencias, en tiradas de unidades limitadas, y ofreciendo una experiencia de regalo \u00fanica, exclusiva e inolvidable. Fabricado conforme a los est\u00e1ndares RoHS y en cumplimiento con los siguientes requisitos de seguridad: Sistema de protecci\u00f3n contra sobrecalentamiento. Sistema de protecci\u00f3n contra sobrecarga. Sistema de bloqueo para evitar cortocircuitos.<\/p>","protected":false},"excerpt":{"rendered":"<p>Flexible. 3 Posiciones de Luz. Intensidad de Luz Regulable. Altavoz Conexi\u00f3n Bluetooth. Potencia Sonido 3W. Conexi\u00f3n USB. Cargador Inal\u00e1mbrico 10W<\/p>","protected":false},"featured_media":64654,"comment_status":"open","ping_status":"open","template":"","meta":{"inline_featured_image":false},"product_brand":[],"product_cat":[122,120],"product_tag":[],"class_list":{"0":"post-41095","1":"product","2":"type-product","3":"status-publish","4":"has-post-thumbnail","6":"product_cat-articulos-sostenibles","7":"product_cat-limited-edition","9":"first","10":"instock","11":"taxable","12":"shipping-taxable","13":"purchasable","14":"product-type-variable","15":"has-default-attributes"},"aioseo_notices":[],"_links":{"self":[{"href":"https:\/\/imprimeideas.es\/en\/wp-json\/wp\/v2\/product\/41095","targetHints":{"allow":["GET"]}}],"collection":[{"href":"https:\/\/imprimeideas.es\/en\/wp-json\/wp\/v2\/product"}],"about":[{"href":"https:\/\/imprimeideas.es\/en\/wp-json\/wp\/v2\/types\/product"}],"replies":[{"embeddable":true,"href":"https:\/\/imprimeideas.es\/en\/wp-json\/wp\/v2\/comments?post=41095"}],"version-history":[{"count":1,"href":"https:\/\/imprimeideas.es\/en\/wp-json\/wp\/v2\/product\/41095\/revisions"}],"predecessor-version":[{"id":54679,"href":"https:\/\/imprimeideas.es\/en\/wp-json\/wp\/v2\/product\/41095\/revisions\/54679"}],"wp:featuredmedia":[{"embeddable":true,"href":"https:\/\/imprimeideas.es\/en\/wp-json\/wp\/v2\/media\/64654"}],"wp:attachment":[{"href":"https:\/\/imprimeideas.es\/en\/wp-json\/wp\/v2\/media?parent=41095"}],"wp:term":[{"taxonomy":"product_brand","embeddable":true,"href":"https:\/\/imprimeideas.es\/en\/wp-json\/wp\/v2\/product_brand?post=41095"},{"taxonomy":"product_cat","embeddable":true,"href":"https:\/\/imprimeideas.es\/en\/wp-json\/wp\/v2\/product_cat?post=41095"},{"taxonomy":"product_tag","embeddable":true,"href":"https:\/\/imprimeideas.es\/en\/wp-json\/wp\/v2\/product_tag?post=41095"}],"curies":[{"name":"wp","href":"https:\/\/api.w.org\/{rel}","templated":true}]}}