{"id":41091,"date":"2026-02-24T11:25:03","date_gmt":"2026-02-24T10:25:03","guid":{"rendered":"https:\/\/imprimeideas.es\/?post_type=product&p=41091"},"modified":"2026-02-26T18:42:28","modified_gmt":"2026-02-26T17:42:28","slug":"fiambrera-vickers","status":"publish","type":"product","link":"https:\/\/imprimeideas.es\/en\/product\/fiambrera-vickers\/","title":{"rendered":"Fiambrera Vickers"},"content":{"rendered":"<p>Fiambrera de 940 ml de capacidad, fabricada en acero inox reciclado. Dos compartimentos de 340 ml y 600 ml, con tapa herm\u00e9tica en bamb\u00fa y cierres de seguridad con distintivo acero inox reciclado. Presentada en caja individual de dise\u00f1o. El acero es uno de los materiales m\u00e1s demandados y que puede encontrarse casi en todas partes, desde productos de uso diario a grandes construcciones. Con innumerables propiedades, entre las que cabe destacar la durabilidad y su alto grado de reutilizaci\u00f3n, convirti\u00e9ndolo en una alternativa muy valorada en soluciones de sostenibilidad. Debidamente tratado, permite obtener nuevos recursos de infinita utilizaci\u00f3n.<\/p>","protected":false},"excerpt":{"rendered":"<p>2 Compartimentos 340 y 600 ml. Cierre Seguridad<\/p>","protected":false},"featured_media":72594,"comment_status":"open","ping_status":"open","template":"","meta":{"inline_featured_image":false},"product_brand":[],"product_cat":[122,98],"product_tag":[],"class_list":{"0":"post-41091","1":"product","2":"type-product","3":"status-publish","4":"has-post-thumbnail","6":"product_cat-articulos-sostenibles","7":"product_cat-take-away","9":"first","10":"instock","11":"taxable","12":"shipping-taxable","13":"purchasable","14":"product-type-variable","15":"has-default-attributes"},"aioseo_notices":[],"_links":{"self":[{"href":"https:\/\/imprimeideas.es\/en\/wp-json\/wp\/v2\/product\/41091","targetHints":{"allow":["GET"]}}],"collection":[{"href":"https:\/\/imprimeideas.es\/en\/wp-json\/wp\/v2\/product"}],"about":[{"href":"https:\/\/imprimeideas.es\/en\/wp-json\/wp\/v2\/types\/product"}],"replies":[{"embeddable":true,"href":"https:\/\/imprimeideas.es\/en\/wp-json\/wp\/v2\/comments?post=41091"}],"version-history":[{"count":1,"href":"https:\/\/imprimeideas.es\/en\/wp-json\/wp\/v2\/product\/41091\/revisions"}],"predecessor-version":[{"id":54677,"href":"https:\/\/imprimeideas.es\/en\/wp-json\/wp\/v2\/product\/41091\/revisions\/54677"}],"wp:featuredmedia":[{"embeddable":true,"href":"https:\/\/imprimeideas.es\/en\/wp-json\/wp\/v2\/media\/72594"}],"wp:attachment":[{"href":"https:\/\/imprimeideas.es\/en\/wp-json\/wp\/v2\/media?parent=41091"}],"wp:term":[{"taxonomy":"product_brand","embeddable":true,"href":"https:\/\/imprimeideas.es\/en\/wp-json\/wp\/v2\/product_brand?post=41091"},{"taxonomy":"product_cat","embeddable":true,"href":"https:\/\/imprimeideas.es\/en\/wp-json\/wp\/v2\/product_cat?post=41091"},{"taxonomy":"product_tag","embeddable":true,"href":"https:\/\/imprimeideas.es\/en\/wp-json\/wp\/v2\/product_tag?post=41091"}],"curies":[{"name":"wp","href":"https:\/\/api.w.org\/{rel}","templated":true}]}}