{"id":41060,"date":"2026-02-24T11:24:27","date_gmt":"2026-02-24T10:24:27","guid":{"rendered":"https:\/\/imprimeideas.es\/?post_type=product&p=41060"},"modified":"2026-02-26T18:13:41","modified_gmt":"2026-02-26T17:13:41","slug":"set-picnic-scotty","status":"publish","type":"product","link":"https:\/\/imprimeideas.es\/en\/product\/set-picnic-scotty\/","title":{"rendered":"Set Picnic Scotty"},"content":{"rendered":"<p>Original set de picnic de 2 servicios. Presentado en resistente funda 100% algod\u00f3n de acabado natural, con cierre de cremallera y asa de transporte. Interior reforzado, con compartimentos para los diferentes accesorios. Contenido: 2 cucharas, 2 cuchillos y 2 tenedores en acero inox con mango de madera natural 2 platos en acero inox de 19,5 cm de di\u00e1metro. 2 servilletas en tela de 30 x 30 cm. Con dise\u00f1o retro en patr\u00f3n a cuadros y en combinaci\u00f3n tonos negros, grises y blancos. Sacacorchos en acero inox, con navaja integrada y mango de madera natural Tabla de corte y presentaci\u00f3n de 15 x 15 cm, en madera natural y con asa troquelada.<\/p>","protected":false},"excerpt":{"rendered":"<p>12 Piezas. 2 Servicios<\/p>","protected":false},"featured_media":74834,"comment_status":"open","ping_status":"open","template":"","meta":{"inline_featured_image":false},"product_brand":[],"product_cat":[122,102],"product_tag":[],"class_list":{"0":"post-41060","1":"product","2":"type-product","3":"status-publish","4":"has-post-thumbnail","6":"product_cat-articulos-sostenibles","7":"product_cat-ocio-y-tiempo-libre","9":"first","10":"instock","11":"taxable","12":"shipping-taxable","13":"purchasable","14":"product-type-variable","15":"has-default-attributes"},"aioseo_notices":[],"_links":{"self":[{"href":"https:\/\/imprimeideas.es\/en\/wp-json\/wp\/v2\/product\/41060","targetHints":{"allow":["GET"]}}],"collection":[{"href":"https:\/\/imprimeideas.es\/en\/wp-json\/wp\/v2\/product"}],"about":[{"href":"https:\/\/imprimeideas.es\/en\/wp-json\/wp\/v2\/types\/product"}],"replies":[{"embeddable":true,"href":"https:\/\/imprimeideas.es\/en\/wp-json\/wp\/v2\/comments?post=41060"}],"version-history":[{"count":1,"href":"https:\/\/imprimeideas.es\/en\/wp-json\/wp\/v2\/product\/41060\/revisions"}],"predecessor-version":[{"id":54672,"href":"https:\/\/imprimeideas.es\/en\/wp-json\/wp\/v2\/product\/41060\/revisions\/54672"}],"wp:featuredmedia":[{"embeddable":true,"href":"https:\/\/imprimeideas.es\/en\/wp-json\/wp\/v2\/media\/74834"}],"wp:attachment":[{"href":"https:\/\/imprimeideas.es\/en\/wp-json\/wp\/v2\/media?parent=41060"}],"wp:term":[{"taxonomy":"product_brand","embeddable":true,"href":"https:\/\/imprimeideas.es\/en\/wp-json\/wp\/v2\/product_brand?post=41060"},{"taxonomy":"product_cat","embeddable":true,"href":"https:\/\/imprimeideas.es\/en\/wp-json\/wp\/v2\/product_cat?post=41060"},{"taxonomy":"product_tag","embeddable":true,"href":"https:\/\/imprimeideas.es\/en\/wp-json\/wp\/v2\/product_tag?post=41060"}],"curies":[{"name":"wp","href":"https:\/\/api.w.org\/{rel}","templated":true}]}}