{"id":41046,"date":"2026-02-24T11:24:25","date_gmt":"2026-02-24T10:24:25","guid":{"rendered":"https:\/\/imprimeideas.es\/?post_type=product&p=41046"},"modified":"2026-02-26T18:13:39","modified_gmt":"2026-02-26T17:13:39","slug":"nevera-teindor","status":"publish","type":"product","link":"https:\/\/imprimeideas.es\/en\/product\/nevera-teindor\/","title":{"rendered":"Nevera Teindor"},"content":{"rendered":"<p>Nevera fabricada en resistente 600D RPET. Incluye 2 compartimentos independientes, con cierre de cremallera y doble tirador met\u00e1lico. Interior isotermo en PEVA, con cinta bandolera ajustable y bolsillo exterior. Disponible en variada gama de colores, con etiqueta exterior con distintivo RPET. El material RPET se elabora a partir de pl\u00e1stico reciclado, para as\u00ed fomentar la reutilizaci\u00f3n de residuos pl\u00e1sticos y ayudar a la sostenibilidad del planeta.<\/p>","protected":false},"excerpt":{"rendered":"<p>Nevera fabricada en resistente 600D RPET. Incluye 2 compartimentos independientes, con cierre de cremallera y doble tirador met\u00e1lico. Interior isotermo<\/p>","protected":false},"featured_media":48536,"comment_status":"open","ping_status":"open","template":"","meta":{"inline_featured_image":false},"product_brand":[],"product_cat":[122,98],"product_tag":[],"class_list":{"0":"post-41046","1":"product","2":"type-product","3":"status-publish","4":"has-post-thumbnail","6":"product_cat-articulos-sostenibles","7":"product_cat-take-away","9":"first","10":"instock","11":"taxable","12":"shipping-taxable","13":"purchasable","14":"product-type-variable","15":"has-default-attributes"},"aioseo_notices":[],"_links":{"self":[{"href":"https:\/\/imprimeideas.es\/en\/wp-json\/wp\/v2\/product\/41046","targetHints":{"allow":["GET"]}}],"collection":[{"href":"https:\/\/imprimeideas.es\/en\/wp-json\/wp\/v2\/product"}],"about":[{"href":"https:\/\/imprimeideas.es\/en\/wp-json\/wp\/v2\/types\/product"}],"replies":[{"embeddable":true,"href":"https:\/\/imprimeideas.es\/en\/wp-json\/wp\/v2\/comments?post=41046"}],"version-history":[{"count":1,"href":"https:\/\/imprimeideas.es\/en\/wp-json\/wp\/v2\/product\/41046\/revisions"}],"predecessor-version":[{"id":54667,"href":"https:\/\/imprimeideas.es\/en\/wp-json\/wp\/v2\/product\/41046\/revisions\/54667"}],"wp:featuredmedia":[{"embeddable":true,"href":"https:\/\/imprimeideas.es\/en\/wp-json\/wp\/v2\/media\/48536"}],"wp:attachment":[{"href":"https:\/\/imprimeideas.es\/en\/wp-json\/wp\/v2\/media?parent=41046"}],"wp:term":[{"taxonomy":"product_brand","embeddable":true,"href":"https:\/\/imprimeideas.es\/en\/wp-json\/wp\/v2\/product_brand?post=41046"},{"taxonomy":"product_cat","embeddable":true,"href":"https:\/\/imprimeideas.es\/en\/wp-json\/wp\/v2\/product_cat?post=41046"},{"taxonomy":"product_tag","embeddable":true,"href":"https:\/\/imprimeideas.es\/en\/wp-json\/wp\/v2\/product_tag?post=41046"}],"curies":[{"name":"wp","href":"https:\/\/api.w.org\/{rel}","templated":true}]}}