{"id":41032,"date":"2026-02-24T11:24:24","date_gmt":"2026-02-24T10:24:24","guid":{"rendered":"https:\/\/imprimeideas.es\/?post_type=product&p=41032"},"modified":"2026-02-26T18:32:57","modified_gmt":"2026-02-26T17:32:57","slug":"ventilador-dayane","status":"publish","type":"product","link":"https:\/\/imprimeideas.es\/en\/product\/ventilador-dayane\/","title":{"rendered":"Ventilador Dayane"},"content":{"rendered":"<p>Ventilador fabricado en resistente ABS de color blanco, con mosquet\u00f3n de enganche integrado. Con 2 velocidades de funcionamiento y presentado en caja individual de dise\u00f1o kraft. Alimentaci\u00f3n a pilas (3xAAA no incluidas).<\/p>","protected":false},"excerpt":{"rendered":"<p>2 Posiciones. 3 Pilas AAA No Incluidas<\/p>","protected":false},"featured_media":81460,"comment_status":"open","ping_status":"open","template":"","meta":{"inline_featured_image":false},"product_brand":[],"product_cat":[113,114],"product_tag":[],"class_list":{"0":"post-41032","1":"product","2":"type-product","3":"status-publish","4":"has-post-thumbnail","6":"product_cat-eventos-y-fiesta","7":"product_cat-verano-y-playa","9":"first","10":"outofstock","11":"taxable","12":"shipping-taxable","13":"purchasable","14":"product-type-variable","15":"has-default-attributes"},"aioseo_notices":[],"_links":{"self":[{"href":"https:\/\/imprimeideas.es\/en\/wp-json\/wp\/v2\/product\/41032","targetHints":{"allow":["GET"]}}],"collection":[{"href":"https:\/\/imprimeideas.es\/en\/wp-json\/wp\/v2\/product"}],"about":[{"href":"https:\/\/imprimeideas.es\/en\/wp-json\/wp\/v2\/types\/product"}],"replies":[{"embeddable":true,"href":"https:\/\/imprimeideas.es\/en\/wp-json\/wp\/v2\/comments?post=41032"}],"version-history":[{"count":1,"href":"https:\/\/imprimeideas.es\/en\/wp-json\/wp\/v2\/product\/41032\/revisions"}],"predecessor-version":[{"id":54661,"href":"https:\/\/imprimeideas.es\/en\/wp-json\/wp\/v2\/product\/41032\/revisions\/54661"}],"wp:featuredmedia":[{"embeddable":true,"href":"https:\/\/imprimeideas.es\/en\/wp-json\/wp\/v2\/media\/81460"}],"wp:attachment":[{"href":"https:\/\/imprimeideas.es\/en\/wp-json\/wp\/v2\/media?parent=41032"}],"wp:term":[{"taxonomy":"product_brand","embeddable":true,"href":"https:\/\/imprimeideas.es\/en\/wp-json\/wp\/v2\/product_brand?post=41032"},{"taxonomy":"product_cat","embeddable":true,"href":"https:\/\/imprimeideas.es\/en\/wp-json\/wp\/v2\/product_cat?post=41032"},{"taxonomy":"product_tag","embeddable":true,"href":"https:\/\/imprimeideas.es\/en\/wp-json\/wp\/v2\/product_tag?post=41032"}],"curies":[{"name":"wp","href":"https:\/\/api.w.org\/{rel}","templated":true}]}}