{"id":41024,"date":"2026-02-24T11:24:23","date_gmt":"2026-02-24T10:24:23","guid":{"rendered":"https:\/\/imprimeideas.es\/?post_type=product&p=41024"},"modified":"2026-02-26T18:19:30","modified_gmt":"2026-02-26T17:19:30","slug":"portasnacks-termico-kalkin","status":"publish","type":"product","link":"https:\/\/imprimeideas.es\/en\/product\/portasnacks-termico-kalkin\/","title":{"rendered":"Portasnacks T\u00e9rmico Kalkin"},"content":{"rendered":"<p>Portasnacks t\u00e9rmico de l\u00ednea nature. Exterior fabricado en poli\u00e9ster 600D RPET, elaborado a partir de pl\u00e1stico reciclado, para as\u00ed fomentar la reutilizaci\u00f3n de residuos pl\u00e1sticos y ayudar a la sostenibilidad del planeta. Interior isotermo en PEVA, con cierre de velcro y etiqueta exterior con distintivo RPET.<\/p>","protected":false},"excerpt":{"rendered":"<p>Portasnacks t\u00e9rmico de l\u00ednea nature. Exterior fabricado en poli\u00e9ster 600D RPET, elaborado a partir de pl\u00e1stico reciclado, para as\u00ed fomentar<\/p>","protected":false},"featured_media":78199,"comment_status":"open","ping_status":"open","template":"","meta":{"inline_featured_image":false},"product_brand":[],"product_cat":[122,98],"product_tag":[],"class_list":{"0":"post-41024","1":"product","2":"type-product","3":"status-publish","4":"has-post-thumbnail","6":"product_cat-articulos-sostenibles","7":"product_cat-take-away","9":"first","10":"outofstock","11":"taxable","12":"shipping-taxable","13":"purchasable","14":"product-type-variable","15":"has-default-attributes"},"aioseo_notices":[],"_links":{"self":[{"href":"https:\/\/imprimeideas.es\/en\/wp-json\/wp\/v2\/product\/41024","targetHints":{"allow":["GET"]}}],"collection":[{"href":"https:\/\/imprimeideas.es\/en\/wp-json\/wp\/v2\/product"}],"about":[{"href":"https:\/\/imprimeideas.es\/en\/wp-json\/wp\/v2\/types\/product"}],"replies":[{"embeddable":true,"href":"https:\/\/imprimeideas.es\/en\/wp-json\/wp\/v2\/comments?post=41024"}],"version-history":[{"count":1,"href":"https:\/\/imprimeideas.es\/en\/wp-json\/wp\/v2\/product\/41024\/revisions"}],"predecessor-version":[{"id":54657,"href":"https:\/\/imprimeideas.es\/en\/wp-json\/wp\/v2\/product\/41024\/revisions\/54657"}],"wp:featuredmedia":[{"embeddable":true,"href":"https:\/\/imprimeideas.es\/en\/wp-json\/wp\/v2\/media\/78199"}],"wp:attachment":[{"href":"https:\/\/imprimeideas.es\/en\/wp-json\/wp\/v2\/media?parent=41024"}],"wp:term":[{"taxonomy":"product_brand","embeddable":true,"href":"https:\/\/imprimeideas.es\/en\/wp-json\/wp\/v2\/product_brand?post=41024"},{"taxonomy":"product_cat","embeddable":true,"href":"https:\/\/imprimeideas.es\/en\/wp-json\/wp\/v2\/product_cat?post=41024"},{"taxonomy":"product_tag","embeddable":true,"href":"https:\/\/imprimeideas.es\/en\/wp-json\/wp\/v2\/product_tag?post=41024"}],"curies":[{"name":"wp","href":"https:\/\/api.w.org\/{rel}","templated":true}]}}