{"id":41022,"date":"2026-02-24T11:24:23","date_gmt":"2026-02-24T10:24:23","guid":{"rendered":"https:\/\/imprimeideas.es\/?post_type=product&p=41022"},"modified":"2026-02-26T18:32:51","modified_gmt":"2026-02-26T17:32:51","slug":"portasnacks-termico-akiles","status":"publish","type":"product","link":"https:\/\/imprimeideas.es\/en\/product\/portasnacks-termico-akiles\/","title":{"rendered":"Portasnacks T\u00e9rmico Akiles"},"content":{"rendered":"<p>Portasnacks t\u00e9rmico de l\u00ednea nature. Exterior fabricado en resistente papel reciclado laminado, e interior isotermo en PEVA. Con cierre de velcro.<\/p>","protected":false},"excerpt":{"rendered":"<p>Portasnacks t\u00e9rmico de l\u00ednea nature. Exterior fabricado en resistente papel reciclado laminado, e interior isotermo en PEVA. Con cierre de<\/p>","protected":false},"featured_media":71606,"comment_status":"open","ping_status":"open","template":"","meta":{"inline_featured_image":false},"product_brand":[],"product_cat":[122,108,98],"product_tag":[],"class_list":{"0":"post-41022","1":"product","2":"type-product","3":"status-publish","4":"has-post-thumbnail","6":"product_cat-articulos-sostenibles","7":"product_cat-infantil","8":"product_cat-take-away","10":"first","11":"instock","12":"taxable","13":"shipping-taxable","14":"purchasable","15":"product-type-variable","16":"has-default-attributes"},"aioseo_notices":[],"_links":{"self":[{"href":"https:\/\/imprimeideas.es\/en\/wp-json\/wp\/v2\/product\/41022","targetHints":{"allow":["GET"]}}],"collection":[{"href":"https:\/\/imprimeideas.es\/en\/wp-json\/wp\/v2\/product"}],"about":[{"href":"https:\/\/imprimeideas.es\/en\/wp-json\/wp\/v2\/types\/product"}],"replies":[{"embeddable":true,"href":"https:\/\/imprimeideas.es\/en\/wp-json\/wp\/v2\/comments?post=41022"}],"version-history":[{"count":1,"href":"https:\/\/imprimeideas.es\/en\/wp-json\/wp\/v2\/product\/41022\/revisions"}],"predecessor-version":[{"id":54656,"href":"https:\/\/imprimeideas.es\/en\/wp-json\/wp\/v2\/product\/41022\/revisions\/54656"}],"wp:featuredmedia":[{"embeddable":true,"href":"https:\/\/imprimeideas.es\/en\/wp-json\/wp\/v2\/media\/71606"}],"wp:attachment":[{"href":"https:\/\/imprimeideas.es\/en\/wp-json\/wp\/v2\/media?parent=41022"}],"wp:term":[{"taxonomy":"product_brand","embeddable":true,"href":"https:\/\/imprimeideas.es\/en\/wp-json\/wp\/v2\/product_brand?post=41022"},{"taxonomy":"product_cat","embeddable":true,"href":"https:\/\/imprimeideas.es\/en\/wp-json\/wp\/v2\/product_cat?post=41022"},{"taxonomy":"product_tag","embeddable":true,"href":"https:\/\/imprimeideas.es\/en\/wp-json\/wp\/v2\/product_tag?post=41022"}],"curies":[{"name":"wp","href":"https:\/\/api.w.org\/{rel}","templated":true}]}}