{"id":41019,"date":"2026-02-24T11:24:22","date_gmt":"2026-02-24T10:24:22","guid":{"rendered":"https:\/\/imprimeideas.es\/?post_type=product&p=41019"},"modified":"2026-02-25T15:57:49","modified_gmt":"2026-02-25T14:57:49","slug":"portabocadillos-termico-batuk","status":"publish","type":"product","link":"https:\/\/imprimeideas.es\/en\/product\/portabocadillos-termico-batuk\/","title":{"rendered":"Portabocadillos T\u00e9rmico Batuk"},"content":{"rendered":"<p>Portabocadillos t\u00e9rmico de l\u00ednea nature. Exterior fabricado en resistente papel reciclado laminado, e interior isotermo en aluminio. Con cierre de cremallera y asa de transporte.<\/p>","protected":false},"excerpt":{"rendered":"<p>Portabocadillos t\u00e9rmico de l\u00ednea nature. Exterior fabricado en resistente papel reciclado laminado, e interior isotermo en aluminio. Con cierre de<\/p>","protected":false},"featured_media":80191,"comment_status":"open","ping_status":"open","template":"","meta":{"inline_featured_image":false},"product_brand":[],"product_cat":[122,108,98],"product_tag":[],"class_list":{"0":"post-41019","1":"product","2":"type-product","3":"status-publish","4":"has-post-thumbnail","6":"product_cat-articulos-sostenibles","7":"product_cat-infantil","8":"product_cat-take-away","10":"first","11":"outofstock","12":"taxable","13":"shipping-taxable","14":"purchasable","15":"product-type-variable","16":"has-default-attributes"},"aioseo_notices":[],"_links":{"self":[{"href":"https:\/\/imprimeideas.es\/en\/wp-json\/wp\/v2\/product\/41019","targetHints":{"allow":["GET"]}}],"collection":[{"href":"https:\/\/imprimeideas.es\/en\/wp-json\/wp\/v2\/product"}],"about":[{"href":"https:\/\/imprimeideas.es\/en\/wp-json\/wp\/v2\/types\/product"}],"replies":[{"embeddable":true,"href":"https:\/\/imprimeideas.es\/en\/wp-json\/wp\/v2\/comments?post=41019"}],"version-history":[{"count":1,"href":"https:\/\/imprimeideas.es\/en\/wp-json\/wp\/v2\/product\/41019\/revisions"}],"predecessor-version":[{"id":54655,"href":"https:\/\/imprimeideas.es\/en\/wp-json\/wp\/v2\/product\/41019\/revisions\/54655"}],"wp:featuredmedia":[{"embeddable":true,"href":"https:\/\/imprimeideas.es\/en\/wp-json\/wp\/v2\/media\/80191"}],"wp:attachment":[{"href":"https:\/\/imprimeideas.es\/en\/wp-json\/wp\/v2\/media?parent=41019"}],"wp:term":[{"taxonomy":"product_brand","embeddable":true,"href":"https:\/\/imprimeideas.es\/en\/wp-json\/wp\/v2\/product_brand?post=41019"},{"taxonomy":"product_cat","embeddable":true,"href":"https:\/\/imprimeideas.es\/en\/wp-json\/wp\/v2\/product_cat?post=41019"},{"taxonomy":"product_tag","embeddable":true,"href":"https:\/\/imprimeideas.es\/en\/wp-json\/wp\/v2\/product_tag?post=41019"}],"curies":[{"name":"wp","href":"https:\/\/api.w.org\/{rel}","templated":true}]}}