{"id":41014,"date":"2026-02-24T11:24:22","date_gmt":"2026-02-24T10:24:22","guid":{"rendered":"https:\/\/imprimeideas.es\/?post_type=product&p=41014"},"modified":"2026-02-26T18:19:29","modified_gmt":"2026-02-26T17:19:29","slug":"manopla-cafar","status":"publish","type":"product","link":"https:\/\/imprimeideas.es\/en\/product\/manopla-cafar\/","title":{"rendered":"Manopla Cafar"},"content":{"rendered":"<p>Manopla de cocina de l\u00ednea nature. Fabricada en material 100% algod\u00f3n reciclado de alta calidad. Con una cara lisa para impresi\u00f3n y cinta para colgar. Distintivo algod\u00f3n reciclado en etiqueta.<\/p>","protected":false},"excerpt":{"rendered":"<p>Una Cara Lisa para Impresi\u00f3n<\/p>","protected":false},"featured_media":77141,"comment_status":"open","ping_status":"open","template":"","meta":{"inline_featured_image":false},"product_brand":[],"product_cat":[122,104],"product_tag":[],"class_list":{"0":"post-41014","1":"product","2":"type-product","3":"status-publish","4":"has-post-thumbnail","6":"product_cat-articulos-sostenibles","7":"product_cat-hogar-y-decoracion","9":"first","10":"instock","11":"taxable","12":"shipping-taxable","13":"purchasable","14":"product-type-variable","15":"has-default-attributes"},"aioseo_notices":[],"_links":{"self":[{"href":"https:\/\/imprimeideas.es\/en\/wp-json\/wp\/v2\/product\/41014","targetHints":{"allow":["GET"]}}],"collection":[{"href":"https:\/\/imprimeideas.es\/en\/wp-json\/wp\/v2\/product"}],"about":[{"href":"https:\/\/imprimeideas.es\/en\/wp-json\/wp\/v2\/types\/product"}],"replies":[{"embeddable":true,"href":"https:\/\/imprimeideas.es\/en\/wp-json\/wp\/v2\/comments?post=41014"}],"version-history":[{"count":1,"href":"https:\/\/imprimeideas.es\/en\/wp-json\/wp\/v2\/product\/41014\/revisions"}],"predecessor-version":[{"id":54653,"href":"https:\/\/imprimeideas.es\/en\/wp-json\/wp\/v2\/product\/41014\/revisions\/54653"}],"wp:featuredmedia":[{"embeddable":true,"href":"https:\/\/imprimeideas.es\/en\/wp-json\/wp\/v2\/media\/77141"}],"wp:attachment":[{"href":"https:\/\/imprimeideas.es\/en\/wp-json\/wp\/v2\/media?parent=41014"}],"wp:term":[{"taxonomy":"product_brand","embeddable":true,"href":"https:\/\/imprimeideas.es\/en\/wp-json\/wp\/v2\/product_brand?post=41014"},{"taxonomy":"product_cat","embeddable":true,"href":"https:\/\/imprimeideas.es\/en\/wp-json\/wp\/v2\/product_cat?post=41014"},{"taxonomy":"product_tag","embeddable":true,"href":"https:\/\/imprimeideas.es\/en\/wp-json\/wp\/v2\/product_tag?post=41014"}],"curies":[{"name":"wp","href":"https:\/\/api.w.org\/{rel}","templated":true}]}}