{"id":41001,"date":"2026-02-24T11:24:21","date_gmt":"2026-02-24T10:24:21","guid":{"rendered":"https:\/\/imprimeideas.es\/?post_type=product&p=41001"},"modified":"2026-02-26T18:08:21","modified_gmt":"2026-02-26T17:08:21","slug":"set-bolsas-stuggar","status":"publish","type":"product","link":"https:\/\/imprimeideas.es\/en\/product\/set-bolsas-stuggar\/","title":{"rendered":"Set Bolsas Stuggar"},"content":{"rendered":"<p>Set de 3 bolsas de reciclaje. Fabricadas en resistente poli\u00e9ster RPET laminado, elaborado a partir de pl\u00e1stico reciclado, para as\u00ed fomentar la reutilizaci\u00f3n de residuos pl\u00e1sticos y ayudar a la sostenibilidad del planeta. Incluye 3 bolsas de 23x45x23 cm unidas entre s\u00ed mediante velcros laterales. Con asas reforzadas e indicaci\u00f3n de tipos de residuo: pl\u00e1sticos y envases vidrio, y papel. Distintivo RPET en la base de cada bolsa.<\/p>","protected":false},"excerpt":{"rendered":"<p>3 Bolsas 23 x 45 x 23 cm<\/p>","protected":false},"featured_media":75901,"comment_status":"open","ping_status":"open","template":"","meta":{"inline_featured_image":false},"product_brand":[],"product_cat":[122,99,104],"product_tag":[],"class_list":{"0":"post-41001","1":"product","2":"type-product","3":"status-publish","4":"has-post-thumbnail","6":"product_cat-articulos-sostenibles","7":"product_cat-bolsas","8":"product_cat-hogar-y-decoracion","10":"first","11":"instock","12":"taxable","13":"shipping-taxable","14":"purchasable","15":"product-type-variable","16":"has-default-attributes"},"aioseo_notices":[],"_links":{"self":[{"href":"https:\/\/imprimeideas.es\/en\/wp-json\/wp\/v2\/product\/41001","targetHints":{"allow":["GET"]}}],"collection":[{"href":"https:\/\/imprimeideas.es\/en\/wp-json\/wp\/v2\/product"}],"about":[{"href":"https:\/\/imprimeideas.es\/en\/wp-json\/wp\/v2\/types\/product"}],"replies":[{"embeddable":true,"href":"https:\/\/imprimeideas.es\/en\/wp-json\/wp\/v2\/comments?post=41001"}],"version-history":[{"count":1,"href":"https:\/\/imprimeideas.es\/en\/wp-json\/wp\/v2\/product\/41001\/revisions"}],"predecessor-version":[{"id":54647,"href":"https:\/\/imprimeideas.es\/en\/wp-json\/wp\/v2\/product\/41001\/revisions\/54647"}],"wp:featuredmedia":[{"embeddable":true,"href":"https:\/\/imprimeideas.es\/en\/wp-json\/wp\/v2\/media\/75901"}],"wp:attachment":[{"href":"https:\/\/imprimeideas.es\/en\/wp-json\/wp\/v2\/media?parent=41001"}],"wp:term":[{"taxonomy":"product_brand","embeddable":true,"href":"https:\/\/imprimeideas.es\/en\/wp-json\/wp\/v2\/product_brand?post=41001"},{"taxonomy":"product_cat","embeddable":true,"href":"https:\/\/imprimeideas.es\/en\/wp-json\/wp\/v2\/product_cat?post=41001"},{"taxonomy":"product_tag","embeddable":true,"href":"https:\/\/imprimeideas.es\/en\/wp-json\/wp\/v2\/product_tag?post=41001"}],"curies":[{"name":"wp","href":"https:\/\/api.w.org\/{rel}","templated":true}]}}