{"id":40999,"date":"2026-02-24T11:24:21","date_gmt":"2026-02-24T10:24:21","guid":{"rendered":"https:\/\/imprimeideas.es\/?post_type=product&p=40999"},"modified":"2026-02-26T18:28:01","modified_gmt":"2026-02-26T17:28:01","slug":"lampara-sarpal","status":"publish","type":"product","link":"https:\/\/imprimeideas.es\/en\/product\/lampara-sarpal\/","title":{"rendered":"L\u00e1mpara Sarpal"},"content":{"rendered":"<p>L\u00e1mpara de original dise\u00f1o vintage fabricada en bamb\u00fa. Bombilla incandescente G80 de 40W, con intensidad de luz regulable y funcionamiento a 220-240V (tipo de enchufe UE). Con base de bamb\u00fa antideslizante y presentada en caja individual de dise\u00f1o kraft.<\/p>","protected":false},"excerpt":{"rendered":"<p>Bombilla 40W. Intensidad de Luz Regulable. CA 220-240V<\/p>","protected":false},"featured_media":69697,"comment_status":"open","ping_status":"open","template":"","meta":{"inline_featured_image":false},"product_brand":[],"product_cat":[122,104],"product_tag":[],"class_list":{"0":"post-40999","1":"product","2":"type-product","3":"status-publish","4":"has-post-thumbnail","6":"product_cat-articulos-sostenibles","7":"product_cat-hogar-y-decoracion","9":"first","10":"outofstock","11":"taxable","12":"shipping-taxable","13":"purchasable","14":"product-type-variable","15":"has-default-attributes"},"aioseo_notices":[],"_links":{"self":[{"href":"https:\/\/imprimeideas.es\/en\/wp-json\/wp\/v2\/product\/40999","targetHints":{"allow":["GET"]}}],"collection":[{"href":"https:\/\/imprimeideas.es\/en\/wp-json\/wp\/v2\/product"}],"about":[{"href":"https:\/\/imprimeideas.es\/en\/wp-json\/wp\/v2\/types\/product"}],"replies":[{"embeddable":true,"href":"https:\/\/imprimeideas.es\/en\/wp-json\/wp\/v2\/comments?post=40999"}],"version-history":[{"count":1,"href":"https:\/\/imprimeideas.es\/en\/wp-json\/wp\/v2\/product\/40999\/revisions"}],"predecessor-version":[{"id":54646,"href":"https:\/\/imprimeideas.es\/en\/wp-json\/wp\/v2\/product\/40999\/revisions\/54646"}],"wp:featuredmedia":[{"embeddable":true,"href":"https:\/\/imprimeideas.es\/en\/wp-json\/wp\/v2\/media\/69697"}],"wp:attachment":[{"href":"https:\/\/imprimeideas.es\/en\/wp-json\/wp\/v2\/media?parent=40999"}],"wp:term":[{"taxonomy":"product_brand","embeddable":true,"href":"https:\/\/imprimeideas.es\/en\/wp-json\/wp\/v2\/product_brand?post=40999"},{"taxonomy":"product_cat","embeddable":true,"href":"https:\/\/imprimeideas.es\/en\/wp-json\/wp\/v2\/product_cat?post=40999"},{"taxonomy":"product_tag","embeddable":true,"href":"https:\/\/imprimeideas.es\/en\/wp-json\/wp\/v2\/product_tag?post=40999"}],"curies":[{"name":"wp","href":"https:\/\/api.w.org\/{rel}","templated":true}]}}