{"id":40990,"date":"2026-02-24T11:24:20","date_gmt":"2026-02-24T10:24:20","guid":{"rendered":"https:\/\/imprimeideas.es\/?post_type=product&p=40990"},"modified":"2026-02-26T18:13:37","modified_gmt":"2026-02-26T17:13:37","slug":"set-whisky-steger","status":"publish","type":"product","link":"https:\/\/imprimeideas.es\/en\/product\/set-whisky-steger\/","title":{"rendered":"Set Whisky Steger"},"content":{"rendered":"<p>Set de whisky en elegante estuche de bamb\u00fa con interior troquelado. Incluye 2 vasos de cristal de 320 ml, pinzas y 8 cubitos en piedra natural reutilizables, con funda de algod\u00f3n. Presentaci\u00f3n en caja individual de dise\u00f1o kraft. Los cubitos reutilizables est\u00e1n fabricados en piedra natural esteatita, tambi\u00e9n conocida como piedra o roca de jab\u00f3n, que mantiene la bebida fr\u00eda sin alterar sus propiedades al no diluir su contenido en agua, adem\u00e1s de mantener el sabor original de la misma.<\/p>","protected":false},"excerpt":{"rendered":"<p>2 Vasos Cristal 320 ml. 8 Cubitos Piedra Natural Reutilizables. Pinza Acero Inox. Funda Algod\u00f3n<\/p>","protected":false},"featured_media":82101,"comment_status":"open","ping_status":"open","template":"","meta":{"inline_featured_image":false},"product_brand":[],"product_cat":[122,104,105],"product_tag":[],"class_list":{"0":"post-40990","1":"product","2":"type-product","3":"status-publish","4":"has-post-thumbnail","6":"product_cat-articulos-sostenibles","7":"product_cat-hogar-y-decoracion","8":"product_cat-vino-accesorios-de-bebida-y-hosteleria","10":"first","11":"instock","12":"taxable","13":"shipping-taxable","14":"purchasable","15":"product-type-variable","16":"has-default-attributes"},"aioseo_notices":[],"_links":{"self":[{"href":"https:\/\/imprimeideas.es\/en\/wp-json\/wp\/v2\/product\/40990","targetHints":{"allow":["GET"]}}],"collection":[{"href":"https:\/\/imprimeideas.es\/en\/wp-json\/wp\/v2\/product"}],"about":[{"href":"https:\/\/imprimeideas.es\/en\/wp-json\/wp\/v2\/types\/product"}],"replies":[{"embeddable":true,"href":"https:\/\/imprimeideas.es\/en\/wp-json\/wp\/v2\/comments?post=40990"}],"version-history":[{"count":1,"href":"https:\/\/imprimeideas.es\/en\/wp-json\/wp\/v2\/product\/40990\/revisions"}],"predecessor-version":[{"id":54642,"href":"https:\/\/imprimeideas.es\/en\/wp-json\/wp\/v2\/product\/40990\/revisions\/54642"}],"wp:featuredmedia":[{"embeddable":true,"href":"https:\/\/imprimeideas.es\/en\/wp-json\/wp\/v2\/media\/82101"}],"wp:attachment":[{"href":"https:\/\/imprimeideas.es\/en\/wp-json\/wp\/v2\/media?parent=40990"}],"wp:term":[{"taxonomy":"product_brand","embeddable":true,"href":"https:\/\/imprimeideas.es\/en\/wp-json\/wp\/v2\/product_brand?post=40990"},{"taxonomy":"product_cat","embeddable":true,"href":"https:\/\/imprimeideas.es\/en\/wp-json\/wp\/v2\/product_cat?post=40990"},{"taxonomy":"product_tag","embeddable":true,"href":"https:\/\/imprimeideas.es\/en\/wp-json\/wp\/v2\/product_tag?post=40990"}],"curies":[{"name":"wp","href":"https:\/\/api.w.org\/{rel}","templated":true}]}}