{"id":40984,"date":"2026-02-24T11:24:19","date_gmt":"2026-02-24T10:24:19","guid":{"rendered":"https:\/\/imprimeideas.es\/?post_type=product&p=40984"},"modified":"2026-02-26T18:28:03","modified_gmt":"2026-02-26T17:28:03","slug":"jarra-dibrix","status":"publish","type":"product","link":"https:\/\/imprimeideas.es\/en\/product\/jarra-dibrix\/","title":{"rendered":"Jarra Dibrix"},"content":{"rendered":"<p>Jarra de 1,25 l de capacidad, fabricada en cristal de borosilicato, que ofrece una resistencia y durabilidad excepcionales, alargando su vida \u00fatil y pudiendo ser reutilizada infinidad de veces. Tap\u00f3n en bamb\u00fa con ajuste a presi\u00f3n. Presentado en caja individual de dise\u00f1o kraft.<\/p>","protected":false},"excerpt":{"rendered":"<p>1,25 L<\/p>","protected":false},"featured_media":73147,"comment_status":"open","ping_status":"open","template":"","meta":{"inline_featured_image":false},"product_brand":[],"product_cat":[122,104,97],"product_tag":[],"class_list":{"0":"post-40984","1":"product","2":"type-product","3":"status-publish","4":"has-post-thumbnail","6":"product_cat-articulos-sostenibles","7":"product_cat-hogar-y-decoracion","8":"product_cat-tazas-jarras-y-termos","10":"first","11":"instock","12":"taxable","13":"shipping-taxable","14":"purchasable","15":"product-type-variable","16":"has-default-attributes"},"aioseo_notices":[],"_links":{"self":[{"href":"https:\/\/imprimeideas.es\/en\/wp-json\/wp\/v2\/product\/40984","targetHints":{"allow":["GET"]}}],"collection":[{"href":"https:\/\/imprimeideas.es\/en\/wp-json\/wp\/v2\/product"}],"about":[{"href":"https:\/\/imprimeideas.es\/en\/wp-json\/wp\/v2\/types\/product"}],"replies":[{"embeddable":true,"href":"https:\/\/imprimeideas.es\/en\/wp-json\/wp\/v2\/comments?post=40984"}],"version-history":[{"count":1,"href":"https:\/\/imprimeideas.es\/en\/wp-json\/wp\/v2\/product\/40984\/revisions"}],"predecessor-version":[{"id":54639,"href":"https:\/\/imprimeideas.es\/en\/wp-json\/wp\/v2\/product\/40984\/revisions\/54639"}],"wp:featuredmedia":[{"embeddable":true,"href":"https:\/\/imprimeideas.es\/en\/wp-json\/wp\/v2\/media\/73147"}],"wp:attachment":[{"href":"https:\/\/imprimeideas.es\/en\/wp-json\/wp\/v2\/media?parent=40984"}],"wp:term":[{"taxonomy":"product_brand","embeddable":true,"href":"https:\/\/imprimeideas.es\/en\/wp-json\/wp\/v2\/product_brand?post=40984"},{"taxonomy":"product_cat","embeddable":true,"href":"https:\/\/imprimeideas.es\/en\/wp-json\/wp\/v2\/product_cat?post=40984"},{"taxonomy":"product_tag","embeddable":true,"href":"https:\/\/imprimeideas.es\/en\/wp-json\/wp\/v2\/product_tag?post=40984"}],"curies":[{"name":"wp","href":"https:\/\/api.w.org\/{rel}","templated":true}]}}