{"id":40981,"date":"2026-02-24T11:24:19","date_gmt":"2026-02-24T10:24:19","guid":{"rendered":"https:\/\/imprimeideas.es\/?post_type=product&p=40981"},"modified":"2026-02-25T20:02:08","modified_gmt":"2026-02-25T19:02:08","slug":"taza-termica-laik","status":"publish","type":"product","link":"https:\/\/imprimeideas.es\/en\/product\/taza-termica-laik\/","title":{"rendered":"Taza T\u00e9rmica Laik"},"content":{"rendered":"<p>Taza t\u00e9rmica de doble pared y 370ml de capacidad. Fabricada en cristal de borosilicato, que ofrece una resistencia y durabilidad excepcionales, alargando su vida \u00fatil y pudiendo ser reutilizado infinidad de veces. Tapa en bamb\u00fa, con ajuste a presi\u00f3n. Presentada en caja individual de dise\u00f1o kraft.Disponible manual de instrucciones en espa\u00f1ol e ingl\u00e9s.<\/p>","protected":false},"excerpt":{"rendered":"<p>370 ml<\/p>","protected":false},"featured_media":70677,"comment_status":"open","ping_status":"open","template":"","meta":{"inline_featured_image":false},"product_brand":[],"product_cat":[122,97],"product_tag":[],"class_list":{"0":"post-40981","1":"product","2":"type-product","3":"status-publish","4":"has-post-thumbnail","6":"product_cat-articulos-sostenibles","7":"product_cat-tazas-jarras-y-termos","9":"first","10":"outofstock","11":"taxable","12":"shipping-taxable","13":"purchasable","14":"product-type-variable","15":"has-default-attributes"},"aioseo_notices":[],"_links":{"self":[{"href":"https:\/\/imprimeideas.es\/en\/wp-json\/wp\/v2\/product\/40981","targetHints":{"allow":["GET"]}}],"collection":[{"href":"https:\/\/imprimeideas.es\/en\/wp-json\/wp\/v2\/product"}],"about":[{"href":"https:\/\/imprimeideas.es\/en\/wp-json\/wp\/v2\/types\/product"}],"replies":[{"embeddable":true,"href":"https:\/\/imprimeideas.es\/en\/wp-json\/wp\/v2\/comments?post=40981"}],"version-history":[{"count":1,"href":"https:\/\/imprimeideas.es\/en\/wp-json\/wp\/v2\/product\/40981\/revisions"}],"predecessor-version":[{"id":54638,"href":"https:\/\/imprimeideas.es\/en\/wp-json\/wp\/v2\/product\/40981\/revisions\/54638"}],"wp:featuredmedia":[{"embeddable":true,"href":"https:\/\/imprimeideas.es\/en\/wp-json\/wp\/v2\/media\/70677"}],"wp:attachment":[{"href":"https:\/\/imprimeideas.es\/en\/wp-json\/wp\/v2\/media?parent=40981"}],"wp:term":[{"taxonomy":"product_brand","embeddable":true,"href":"https:\/\/imprimeideas.es\/en\/wp-json\/wp\/v2\/product_brand?post=40981"},{"taxonomy":"product_cat","embeddable":true,"href":"https:\/\/imprimeideas.es\/en\/wp-json\/wp\/v2\/product_cat?post=40981"},{"taxonomy":"product_tag","embeddable":true,"href":"https:\/\/imprimeideas.es\/en\/wp-json\/wp\/v2\/product_tag?post=40981"}],"curies":[{"name":"wp","href":"https:\/\/api.w.org\/{rel}","templated":true}]}}