{"id":40979,"date":"2026-02-24T11:24:19","date_gmt":"2026-02-24T10:24:19","guid":{"rendered":"https:\/\/imprimeideas.es\/?post_type=product&p=40979"},"modified":"2026-02-26T18:32:50","modified_gmt":"2026-02-26T17:32:50","slug":"set-tazas-gladen","status":"publish","type":"product","link":"https:\/\/imprimeideas.es\/en\/product\/set-tazas-gladen\/","title":{"rendered":"Set Tazas Gladen"},"content":{"rendered":"<p>Set de 2 tazas de doble pared y 90 ml de capacidad. Fabricadas en cristal de borosilicato, que ofrece una resistencia y durabilidad excepcionales, alargando su vida \u00fatil y pudiendo ser reutilizado infinidad de veces. Incluidos 2 posavasos en bamb\u00fa, con troquelado en la base para ajuste perfecto de cada taza. Set presentado en estuche de dise\u00f1o en cart\u00f3n kraft, con compartimento individual para cada taza.Disponible manual de instrucciones en espa\u00f1ol e ingl\u00e9s.<\/p>","protected":false},"excerpt":{"rendered":"<p>2 Tazas Cristal Borosilicato 90 ml. 2 Posavasos Bamb\u00fa<\/p>","protected":false},"featured_media":42222,"comment_status":"open","ping_status":"open","template":"","meta":{"inline_featured_image":false},"product_brand":[],"product_cat":[122,104,97],"product_tag":[],"class_list":{"0":"post-40979","1":"product","2":"type-product","3":"status-publish","4":"has-post-thumbnail","6":"product_cat-articulos-sostenibles","7":"product_cat-hogar-y-decoracion","8":"product_cat-tazas-jarras-y-termos","10":"first","11":"instock","12":"taxable","13":"shipping-taxable","14":"purchasable","15":"product-type-variable","16":"has-default-attributes"},"aioseo_notices":[],"_links":{"self":[{"href":"https:\/\/imprimeideas.es\/en\/wp-json\/wp\/v2\/product\/40979","targetHints":{"allow":["GET"]}}],"collection":[{"href":"https:\/\/imprimeideas.es\/en\/wp-json\/wp\/v2\/product"}],"about":[{"href":"https:\/\/imprimeideas.es\/en\/wp-json\/wp\/v2\/types\/product"}],"replies":[{"embeddable":true,"href":"https:\/\/imprimeideas.es\/en\/wp-json\/wp\/v2\/comments?post=40979"}],"version-history":[{"count":1,"href":"https:\/\/imprimeideas.es\/en\/wp-json\/wp\/v2\/product\/40979\/revisions"}],"predecessor-version":[{"id":54637,"href":"https:\/\/imprimeideas.es\/en\/wp-json\/wp\/v2\/product\/40979\/revisions\/54637"}],"wp:featuredmedia":[{"embeddable":true,"href":"https:\/\/imprimeideas.es\/en\/wp-json\/wp\/v2\/media\/42222"}],"wp:attachment":[{"href":"https:\/\/imprimeideas.es\/en\/wp-json\/wp\/v2\/media?parent=40979"}],"wp:term":[{"taxonomy":"product_brand","embeddable":true,"href":"https:\/\/imprimeideas.es\/en\/wp-json\/wp\/v2\/product_brand?post=40979"},{"taxonomy":"product_cat","embeddable":true,"href":"https:\/\/imprimeideas.es\/en\/wp-json\/wp\/v2\/product_cat?post=40979"},{"taxonomy":"product_tag","embeddable":true,"href":"https:\/\/imprimeideas.es\/en\/wp-json\/wp\/v2\/product_tag?post=40979"}],"curies":[{"name":"wp","href":"https:\/\/api.w.org\/{rel}","templated":true}]}}