{"id":40977,"date":"2026-02-24T11:24:19","date_gmt":"2026-02-24T10:24:19","guid":{"rendered":"https:\/\/imprimeideas.es\/?post_type=product&p=40977"},"modified":"2026-02-25T19:56:43","modified_gmt":"2026-02-25T18:56:43","slug":"bandeja-entremeses-branduk","status":"publish","type":"product","link":"https:\/\/imprimeideas.es\/en\/product\/bandeja-entremeses-branduk\/","title":{"rendered":"Bandeja Entremeses Branduk"},"content":{"rendered":"<p>Bandeja de entremeses con 3 cuencos en blanco y fabricados en cer\u00e1mica. Incluye base en madera natural, troquelada para encajar los cuencos. Presentaci\u00f3n en caja individual de dise\u00f1o kraft.<\/p>","protected":false},"excerpt":{"rendered":"<p>3 Piezas<\/p>","protected":false},"featured_media":82283,"comment_status":"open","ping_status":"open","template":"","meta":{"inline_featured_image":false},"product_brand":[],"product_cat":[122,104],"product_tag":[],"class_list":{"0":"post-40977","1":"product","2":"type-product","3":"status-publish","4":"has-post-thumbnail","6":"product_cat-articulos-sostenibles","7":"product_cat-hogar-y-decoracion","9":"first","10":"outofstock","11":"taxable","12":"shipping-taxable","13":"purchasable","14":"product-type-variable","15":"has-default-attributes"},"aioseo_notices":[],"_links":{"self":[{"href":"https:\/\/imprimeideas.es\/en\/wp-json\/wp\/v2\/product\/40977","targetHints":{"allow":["GET"]}}],"collection":[{"href":"https:\/\/imprimeideas.es\/en\/wp-json\/wp\/v2\/product"}],"about":[{"href":"https:\/\/imprimeideas.es\/en\/wp-json\/wp\/v2\/types\/product"}],"replies":[{"embeddable":true,"href":"https:\/\/imprimeideas.es\/en\/wp-json\/wp\/v2\/comments?post=40977"}],"version-history":[{"count":1,"href":"https:\/\/imprimeideas.es\/en\/wp-json\/wp\/v2\/product\/40977\/revisions"}],"predecessor-version":[{"id":54636,"href":"https:\/\/imprimeideas.es\/en\/wp-json\/wp\/v2\/product\/40977\/revisions\/54636"}],"wp:featuredmedia":[{"embeddable":true,"href":"https:\/\/imprimeideas.es\/en\/wp-json\/wp\/v2\/media\/82283"}],"wp:attachment":[{"href":"https:\/\/imprimeideas.es\/en\/wp-json\/wp\/v2\/media?parent=40977"}],"wp:term":[{"taxonomy":"product_brand","embeddable":true,"href":"https:\/\/imprimeideas.es\/en\/wp-json\/wp\/v2\/product_brand?post=40977"},{"taxonomy":"product_cat","embeddable":true,"href":"https:\/\/imprimeideas.es\/en\/wp-json\/wp\/v2\/product_cat?post=40977"},{"taxonomy":"product_tag","embeddable":true,"href":"https:\/\/imprimeideas.es\/en\/wp-json\/wp\/v2\/product_tag?post=40977"}],"curies":[{"name":"wp","href":"https:\/\/api.w.org\/{rel}","templated":true}]}}