{"id":40962,"date":"2026-02-24T11:24:17","date_gmt":"2026-02-24T10:24:17","guid":{"rendered":"https:\/\/imprimeideas.es\/?post_type=product&p=40962"},"modified":"2026-02-26T18:32:52","modified_gmt":"2026-02-26T17:32:52","slug":"tacoma-wheeler","status":"publish","type":"product","link":"https:\/\/imprimeideas.es\/en\/product\/tacoma-wheeler\/","title":{"rendered":"Tacoma Wheeler"},"content":{"rendered":"<p>Completo tacoma con base fabricada en resistente madera natural de acacia. Incluye 5 cuchillos en distintos tama\u00f1os y para distintos usos, fabricados en acero inox, con mango en madera de acacia. Presentaci\u00f3n en caja individual de dise\u00f1o kraft<\/p>","protected":false},"excerpt":{"rendered":"<p>5 Piezas<\/p>","protected":false},"featured_media":77646,"comment_status":"open","ping_status":"open","template":"","meta":{"inline_featured_image":false},"product_brand":[],"product_cat":[122,104],"product_tag":[],"class_list":{"0":"post-40962","1":"product","2":"type-product","3":"status-publish","4":"has-post-thumbnail","6":"product_cat-articulos-sostenibles","7":"product_cat-hogar-y-decoracion","9":"first","10":"outofstock","11":"taxable","12":"shipping-taxable","13":"purchasable","14":"product-type-variable","15":"has-default-attributes"},"aioseo_notices":[],"_links":{"self":[{"href":"https:\/\/imprimeideas.es\/en\/wp-json\/wp\/v2\/product\/40962","targetHints":{"allow":["GET"]}}],"collection":[{"href":"https:\/\/imprimeideas.es\/en\/wp-json\/wp\/v2\/product"}],"about":[{"href":"https:\/\/imprimeideas.es\/en\/wp-json\/wp\/v2\/types\/product"}],"replies":[{"embeddable":true,"href":"https:\/\/imprimeideas.es\/en\/wp-json\/wp\/v2\/comments?post=40962"}],"version-history":[{"count":1,"href":"https:\/\/imprimeideas.es\/en\/wp-json\/wp\/v2\/product\/40962\/revisions"}],"predecessor-version":[{"id":54629,"href":"https:\/\/imprimeideas.es\/en\/wp-json\/wp\/v2\/product\/40962\/revisions\/54629"}],"wp:featuredmedia":[{"embeddable":true,"href":"https:\/\/imprimeideas.es\/en\/wp-json\/wp\/v2\/media\/77646"}],"wp:attachment":[{"href":"https:\/\/imprimeideas.es\/en\/wp-json\/wp\/v2\/media?parent=40962"}],"wp:term":[{"taxonomy":"product_brand","embeddable":true,"href":"https:\/\/imprimeideas.es\/en\/wp-json\/wp\/v2\/product_brand?post=40962"},{"taxonomy":"product_cat","embeddable":true,"href":"https:\/\/imprimeideas.es\/en\/wp-json\/wp\/v2\/product_cat?post=40962"},{"taxonomy":"product_tag","embeddable":true,"href":"https:\/\/imprimeideas.es\/en\/wp-json\/wp\/v2\/product_tag?post=40962"}],"curies":[{"name":"wp","href":"https:\/\/api.w.org\/{rel}","templated":true}]}}