{"id":40955,"date":"2026-02-24T11:24:17","date_gmt":"2026-02-24T10:24:17","guid":{"rendered":"https:\/\/imprimeideas.es\/?post_type=product&p=40955"},"modified":"2026-02-26T18:19:38","modified_gmt":"2026-02-26T17:19:38","slug":"set-aromatico-hanks","status":"publish","type":"product","link":"https:\/\/imprimeideas.es\/en\/product\/set-aromatico-hanks\/","title":{"rendered":"Set Arom\u00e1tico Hanks"},"content":{"rendered":"<p>Set arom\u00e1tico con difusor y vela. Incluye:Difusor arom\u00e1tico con aroma jazm\u00edn en tarro de cristal de 50 ml, con 10 varillas de rat\u00e1n y tap\u00f3n en aluminio. Vela arom\u00e1tica con aroma vainilla en tarro de cristal.Presentaci\u00f3n en display con ventana y en caja blanca.<\/p>","protected":false},"excerpt":{"rendered":"<p>Difusor Arom\u00e1tico Cristal Aroma Jazmin 50 ml. Vela Cristal Aroma Vainilla<\/p>","protected":false},"featured_media":85873,"comment_status":"open","ping_status":"open","template":"","meta":{"inline_featured_image":false},"product_brand":[],"product_cat":[104],"product_tag":[],"class_list":{"0":"post-40955","1":"product","2":"type-product","3":"status-publish","4":"has-post-thumbnail","6":"product_cat-hogar-y-decoracion","8":"first","9":"instock","10":"taxable","11":"shipping-taxable","12":"purchasable","13":"product-type-variable","14":"has-default-attributes"},"aioseo_notices":[],"_links":{"self":[{"href":"https:\/\/imprimeideas.es\/en\/wp-json\/wp\/v2\/product\/40955","targetHints":{"allow":["GET"]}}],"collection":[{"href":"https:\/\/imprimeideas.es\/en\/wp-json\/wp\/v2\/product"}],"about":[{"href":"https:\/\/imprimeideas.es\/en\/wp-json\/wp\/v2\/types\/product"}],"replies":[{"embeddable":true,"href":"https:\/\/imprimeideas.es\/en\/wp-json\/wp\/v2\/comments?post=40955"}],"version-history":[{"count":1,"href":"https:\/\/imprimeideas.es\/en\/wp-json\/wp\/v2\/product\/40955\/revisions"}],"predecessor-version":[{"id":54626,"href":"https:\/\/imprimeideas.es\/en\/wp-json\/wp\/v2\/product\/40955\/revisions\/54626"}],"wp:featuredmedia":[{"embeddable":true,"href":"https:\/\/imprimeideas.es\/en\/wp-json\/wp\/v2\/media\/85873"}],"wp:attachment":[{"href":"https:\/\/imprimeideas.es\/en\/wp-json\/wp\/v2\/media?parent=40955"}],"wp:term":[{"taxonomy":"product_brand","embeddable":true,"href":"https:\/\/imprimeideas.es\/en\/wp-json\/wp\/v2\/product_brand?post=40955"},{"taxonomy":"product_cat","embeddable":true,"href":"https:\/\/imprimeideas.es\/en\/wp-json\/wp\/v2\/product_cat?post=40955"},{"taxonomy":"product_tag","embeddable":true,"href":"https:\/\/imprimeideas.es\/en\/wp-json\/wp\/v2\/product_tag?post=40955"}],"curies":[{"name":"wp","href":"https:\/\/api.w.org\/{rel}","templated":true}]}}