{"id":40952,"date":"2026-02-24T11:24:16","date_gmt":"2026-02-24T10:24:16","guid":{"rendered":"https:\/\/imprimeideas.es\/?post_type=product&p=40952"},"modified":"2026-02-26T18:19:31","modified_gmt":"2026-02-26T17:19:31","slug":"difusor-aromatico-kenet","status":"publish","type":"product","link":"https:\/\/imprimeideas.es\/en\/product\/difusor-aromatico-kenet\/","title":{"rendered":"Difusor Arom\u00e1tico Kenet"},"content":{"rendered":"<p>Difusor arom\u00e1tico 100 ml, fabricado en cristal de acabado s\u00f3lido. Con 8 varillas de rat\u00e1n y tap\u00f3n antiderrame. Blanco aroma vainilla y negro aroma s\u00e1ndalo. Presentado en caja individual blanca con ventana.<\/p>","protected":false},"excerpt":{"rendered":"<p>100 ml<\/p>","protected":false},"featured_media":67186,"comment_status":"open","ping_status":"open","template":"","meta":{"inline_featured_image":false},"product_brand":[],"product_cat":[104,106],"product_tag":[],"class_list":{"0":"post-40952","1":"product","2":"type-product","3":"status-publish","4":"has-post-thumbnail","6":"product_cat-hogar-y-decoracion","7":"product_cat-regalos-y-premiums","9":"first","10":"instock","11":"taxable","12":"shipping-taxable","13":"purchasable","14":"product-type-variable","15":"has-default-attributes"},"aioseo_notices":[],"_links":{"self":[{"href":"https:\/\/imprimeideas.es\/en\/wp-json\/wp\/v2\/product\/40952","targetHints":{"allow":["GET"]}}],"collection":[{"href":"https:\/\/imprimeideas.es\/en\/wp-json\/wp\/v2\/product"}],"about":[{"href":"https:\/\/imprimeideas.es\/en\/wp-json\/wp\/v2\/types\/product"}],"replies":[{"embeddable":true,"href":"https:\/\/imprimeideas.es\/en\/wp-json\/wp\/v2\/comments?post=40952"}],"version-history":[{"count":1,"href":"https:\/\/imprimeideas.es\/en\/wp-json\/wp\/v2\/product\/40952\/revisions"}],"predecessor-version":[{"id":54625,"href":"https:\/\/imprimeideas.es\/en\/wp-json\/wp\/v2\/product\/40952\/revisions\/54625"}],"wp:featuredmedia":[{"embeddable":true,"href":"https:\/\/imprimeideas.es\/en\/wp-json\/wp\/v2\/media\/67186"}],"wp:attachment":[{"href":"https:\/\/imprimeideas.es\/en\/wp-json\/wp\/v2\/media?parent=40952"}],"wp:term":[{"taxonomy":"product_brand","embeddable":true,"href":"https:\/\/imprimeideas.es\/en\/wp-json\/wp\/v2\/product_brand?post=40952"},{"taxonomy":"product_cat","embeddable":true,"href":"https:\/\/imprimeideas.es\/en\/wp-json\/wp\/v2\/product_cat?post=40952"},{"taxonomy":"product_tag","embeddable":true,"href":"https:\/\/imprimeideas.es\/en\/wp-json\/wp\/v2\/product_tag?post=40952"}],"curies":[{"name":"wp","href":"https:\/\/api.w.org\/{rel}","templated":true}]}}