{"id":40944,"date":"2026-02-24T11:24:16","date_gmt":"2026-02-24T10:24:16","guid":{"rendered":"https:\/\/imprimeideas.es\/?post_type=product&p=40944"},"modified":"2026-02-26T18:08:22","modified_gmt":"2026-02-26T17:08:22","slug":"set-velas-aromaticas-kesha","status":"publish","type":"product","link":"https:\/\/imprimeideas.es\/en\/product\/set-velas-aromaticas-kesha\/","title":{"rendered":"Set Velas Arom\u00e1ticas Kesha"},"content":{"rendered":"<p>Set de velas arom\u00e1ticas, con cera vegetal y aroma de flor Fresia. En tarrito de cristal con tap\u00f3n a rosca met\u00e1lico y acabado dorado. Presentadas en caja individual kraft.<\/p>","protected":false},"excerpt":{"rendered":"<p>2 Piezas. Cera Vegetal. Aroma Fresia<\/p>","protected":false},"featured_media":42223,"comment_status":"open","ping_status":"open","template":"","meta":{"inline_featured_image":false},"product_brand":[],"product_cat":[104],"product_tag":[],"class_list":{"0":"post-40944","1":"product","2":"type-product","3":"status-publish","4":"has-post-thumbnail","6":"product_cat-hogar-y-decoracion","8":"first","9":"outofstock","10":"taxable","11":"shipping-taxable","12":"purchasable","13":"product-type-variable","14":"has-default-attributes"},"aioseo_notices":[],"_links":{"self":[{"href":"https:\/\/imprimeideas.es\/en\/wp-json\/wp\/v2\/product\/40944","targetHints":{"allow":["GET"]}}],"collection":[{"href":"https:\/\/imprimeideas.es\/en\/wp-json\/wp\/v2\/product"}],"about":[{"href":"https:\/\/imprimeideas.es\/en\/wp-json\/wp\/v2\/types\/product"}],"replies":[{"embeddable":true,"href":"https:\/\/imprimeideas.es\/en\/wp-json\/wp\/v2\/comments?post=40944"}],"version-history":[{"count":1,"href":"https:\/\/imprimeideas.es\/en\/wp-json\/wp\/v2\/product\/40944\/revisions"}],"predecessor-version":[{"id":54623,"href":"https:\/\/imprimeideas.es\/en\/wp-json\/wp\/v2\/product\/40944\/revisions\/54623"}],"wp:featuredmedia":[{"embeddable":true,"href":"https:\/\/imprimeideas.es\/en\/wp-json\/wp\/v2\/media\/42223"}],"wp:attachment":[{"href":"https:\/\/imprimeideas.es\/en\/wp-json\/wp\/v2\/media?parent=40944"}],"wp:term":[{"taxonomy":"product_brand","embeddable":true,"href":"https:\/\/imprimeideas.es\/en\/wp-json\/wp\/v2\/product_brand?post=40944"},{"taxonomy":"product_cat","embeddable":true,"href":"https:\/\/imprimeideas.es\/en\/wp-json\/wp\/v2\/product_cat?post=40944"},{"taxonomy":"product_tag","embeddable":true,"href":"https:\/\/imprimeideas.es\/en\/wp-json\/wp\/v2\/product_tag?post=40944"}],"curies":[{"name":"wp","href":"https:\/\/api.w.org\/{rel}","templated":true}]}}