{"id":40942,"date":"2026-02-24T11:24:15","date_gmt":"2026-02-24T10:24:15","guid":{"rendered":"https:\/\/imprimeideas.es\/?post_type=product&p=40942"},"modified":"2026-02-26T18:03:12","modified_gmt":"2026-02-26T17:03:12","slug":"set-vincen","status":"publish","type":"product","link":"https:\/\/imprimeideas.es\/en\/product\/set-vincen\/","title":{"rendered":"Set Vincen"},"content":{"rendered":"<p>Set de bol\u00edgrafo y roller met\u00e1licos, con cuerpo recubierto en cuero reciclado. Incluye: Bol\u00edgrafo fabricado en metal cromado y con cuerpo recubierto en cuero reciclado. Elegante clip met\u00e1lico y accesorios a juego. De mecanismo giratorio y en tinta azul, con distintivo cuero reciclado en cuerpo.Roller fabricado en metal cromado y con cuerpo recubierto en cuero reciclado. Elegante clip met\u00e1lico y accesorios a juego. Con capucha y en tinta azul, con distintivo cuero reciclado en cuerpo.Set presentado en estuche individual de dise\u00f1o kraft con funda a juego.El cuero reciclado rescata las fibras desechadas en los procesos de fabricaci\u00f3n del cuero, minimizando el desperdicio de material, contribuyendo a reducir el impacto ambiental y manteniendo a la vez sus propiedades originales.<\/p>","protected":false},"excerpt":{"rendered":"<p>Bol\u00edgrafo y Roller. Carga Jumbo<\/p>","protected":false},"featured_media":75327,"comment_status":"open","ping_status":"open","template":"","meta":{"inline_featured_image":false},"product_brand":[],"product_cat":[122,100],"product_tag":[],"class_list":{"0":"post-40942","1":"product","2":"type-product","3":"status-publish","4":"has-post-thumbnail","6":"product_cat-articulos-sostenibles","7":"product_cat-escritura","9":"first","10":"instock","11":"taxable","12":"shipping-taxable","13":"purchasable","14":"product-type-variable","15":"has-default-attributes"},"aioseo_notices":[],"_links":{"self":[{"href":"https:\/\/imprimeideas.es\/en\/wp-json\/wp\/v2\/product\/40942","targetHints":{"allow":["GET"]}}],"collection":[{"href":"https:\/\/imprimeideas.es\/en\/wp-json\/wp\/v2\/product"}],"about":[{"href":"https:\/\/imprimeideas.es\/en\/wp-json\/wp\/v2\/types\/product"}],"replies":[{"embeddable":true,"href":"https:\/\/imprimeideas.es\/en\/wp-json\/wp\/v2\/comments?post=40942"}],"version-history":[{"count":1,"href":"https:\/\/imprimeideas.es\/en\/wp-json\/wp\/v2\/product\/40942\/revisions"}],"predecessor-version":[{"id":54622,"href":"https:\/\/imprimeideas.es\/en\/wp-json\/wp\/v2\/product\/40942\/revisions\/54622"}],"wp:featuredmedia":[{"embeddable":true,"href":"https:\/\/imprimeideas.es\/en\/wp-json\/wp\/v2\/media\/75327"}],"wp:attachment":[{"href":"https:\/\/imprimeideas.es\/en\/wp-json\/wp\/v2\/media?parent=40942"}],"wp:term":[{"taxonomy":"product_brand","embeddable":true,"href":"https:\/\/imprimeideas.es\/en\/wp-json\/wp\/v2\/product_brand?post=40942"},{"taxonomy":"product_cat","embeddable":true,"href":"https:\/\/imprimeideas.es\/en\/wp-json\/wp\/v2\/product_cat?post=40942"},{"taxonomy":"product_tag","embeddable":true,"href":"https:\/\/imprimeideas.es\/en\/wp-json\/wp\/v2\/product_tag?post=40942"}],"curies":[{"name":"wp","href":"https:\/\/api.w.org\/{rel}","templated":true}]}}