{"id":40940,"date":"2026-02-24T11:24:15","date_gmt":"2026-02-24T10:24:15","guid":{"rendered":"https:\/\/imprimeideas.es\/?post_type=product&p=40940"},"modified":"2026-02-26T18:19:42","modified_gmt":"2026-02-26T17:19:42","slug":"set-harzur","status":"publish","type":"product","link":"https:\/\/imprimeideas.es\/en\/product\/set-harzur\/","title":{"rendered":"Set Harzur"},"content":{"rendered":"<p>Set eco-friendly de bol\u00edgrafo y roller, fabricados en aluminio reciclado y con detalles en ABS reciclado (RABS). Incluye: Bol\u00edgrafo en aluminio reciclado de mecanismo pulsador, con cuerpo en color plateado y accesorios en blanco. Con distintivo aluminio reciclado en la parte superior del bol\u00edgrafo, cartucho jumbo y tinta azul. Roller en aluminio reciclado de mecanismo pulsador, con cuerpo en color plateado y accesorios en blanco. Con distintivo aluminio reciclado en la parte superior del roller, cartucho jumbo y tinta azul.Set presentado en estuche individual de dise\u00f1o kraft con funda a juego.El origen del aluminio reciclado se encuentra en la reutilizaci\u00f3n casi infinita de uno de los materiales con mayor potencial de reciclabilidad sin perder sus propiedades. Esta caracter\u00edstica lo convierte en un material eco-friendly de origen reciclado, f\u00e1cilmente reciclable y de cuyos procesos de tratamiento y desechos para la obtenci\u00f3n del material se pueden obtener nuevos recursos reutilizables, consumiendo menos energ\u00eda en su fabricaci\u00f3n, entre otros factores de sostenibilidad.Certificaci\u00f3n GRS (Global Recycled Standard \/ Est\u00e1ndar de Reciclaje Global), que garantiza el origen reciclado del material usado para fabricar el producto.<\/p>","protected":false},"excerpt":{"rendered":"<p>Bol\u00edgrafo y Roller. Carga Jumbo<\/p>","protected":false},"featured_media":82260,"comment_status":"open","ping_status":"open","template":"","meta":{"inline_featured_image":false},"product_brand":[],"product_cat":[122,100],"product_tag":[],"class_list":{"0":"post-40940","1":"product","2":"type-product","3":"status-publish","4":"has-post-thumbnail","6":"product_cat-articulos-sostenibles","7":"product_cat-escritura","9":"first","10":"instock","11":"taxable","12":"shipping-taxable","13":"purchasable","14":"product-type-variable","15":"has-default-attributes"},"aioseo_notices":[],"_links":{"self":[{"href":"https:\/\/imprimeideas.es\/en\/wp-json\/wp\/v2\/product\/40940","targetHints":{"allow":["GET"]}}],"collection":[{"href":"https:\/\/imprimeideas.es\/en\/wp-json\/wp\/v2\/product"}],"about":[{"href":"https:\/\/imprimeideas.es\/en\/wp-json\/wp\/v2\/types\/product"}],"replies":[{"embeddable":true,"href":"https:\/\/imprimeideas.es\/en\/wp-json\/wp\/v2\/comments?post=40940"}],"version-history":[{"count":1,"href":"https:\/\/imprimeideas.es\/en\/wp-json\/wp\/v2\/product\/40940\/revisions"}],"predecessor-version":[{"id":54621,"href":"https:\/\/imprimeideas.es\/en\/wp-json\/wp\/v2\/product\/40940\/revisions\/54621"}],"wp:featuredmedia":[{"embeddable":true,"href":"https:\/\/imprimeideas.es\/en\/wp-json\/wp\/v2\/media\/82260"}],"wp:attachment":[{"href":"https:\/\/imprimeideas.es\/en\/wp-json\/wp\/v2\/media?parent=40940"}],"wp:term":[{"taxonomy":"product_brand","embeddable":true,"href":"https:\/\/imprimeideas.es\/en\/wp-json\/wp\/v2\/product_brand?post=40940"},{"taxonomy":"product_cat","embeddable":true,"href":"https:\/\/imprimeideas.es\/en\/wp-json\/wp\/v2\/product_cat?post=40940"},{"taxonomy":"product_tag","embeddable":true,"href":"https:\/\/imprimeideas.es\/en\/wp-json\/wp\/v2\/product_tag?post=40940"}],"curies":[{"name":"wp","href":"https:\/\/api.w.org\/{rel}","templated":true}]}}