{"id":40935,"date":"2026-02-24T11:24:15","date_gmt":"2026-02-24T10:24:15","guid":{"rendered":"https:\/\/imprimeideas.es\/?post_type=product&p=40935"},"modified":"2026-02-26T18:23:20","modified_gmt":"2026-02-26T17:23:20","slug":"boligrafo-rayulk","status":"publish","type":"product","link":"https:\/\/imprimeideas.es\/en\/product\/boligrafo-rayulk\/","title":{"rendered":"Bol\u00edgrafo Rayulk"},"content":{"rendered":"<p>Bol\u00edgrafo fabricado en metal cromado y con cuerpo recubierto en cuero reciclado. Elegante clip met\u00e1lico y accesorios a juego, de mecanismo giratorio y en tinta azul. Con distintivo cuero reciclado en cuerpo y presentado en estuche individual de dise\u00f1o kraft con funda a juego.El cuero reciclado rescata las fibras desechadas en los procesos de fabricaci\u00f3n del cuero, minimizando el desperdicio de material, contribuyendo a reducir el impacto ambiental y manteniendo a la vez sus propiedades originales.<\/p>","protected":false},"excerpt":{"rendered":"<p>Bol\u00edgrafo fabricado en metal cromado y con cuerpo recubierto en cuero reciclado. Elegante clip met\u00e1lico y accesorios a juego, de<\/p>","protected":false},"featured_media":82332,"comment_status":"open","ping_status":"open","template":"","meta":{"inline_featured_image":false},"product_brand":[],"product_cat":[122,100,96],"product_tag":[],"class_list":{"0":"post-40935","1":"product","2":"type-product","3":"status-publish","4":"has-post-thumbnail","6":"product_cat-articulos-sostenibles","7":"product_cat-escritura","8":"product_cat-oficina-y-negocios","10":"first","11":"instock","12":"taxable","13":"shipping-taxable","14":"purchasable","15":"product-type-variable","16":"has-default-attributes"},"aioseo_notices":[],"_links":{"self":[{"href":"https:\/\/imprimeideas.es\/en\/wp-json\/wp\/v2\/product\/40935","targetHints":{"allow":["GET"]}}],"collection":[{"href":"https:\/\/imprimeideas.es\/en\/wp-json\/wp\/v2\/product"}],"about":[{"href":"https:\/\/imprimeideas.es\/en\/wp-json\/wp\/v2\/types\/product"}],"replies":[{"embeddable":true,"href":"https:\/\/imprimeideas.es\/en\/wp-json\/wp\/v2\/comments?post=40935"}],"version-history":[{"count":1,"href":"https:\/\/imprimeideas.es\/en\/wp-json\/wp\/v2\/product\/40935\/revisions"}],"predecessor-version":[{"id":54619,"href":"https:\/\/imprimeideas.es\/en\/wp-json\/wp\/v2\/product\/40935\/revisions\/54619"}],"wp:featuredmedia":[{"embeddable":true,"href":"https:\/\/imprimeideas.es\/en\/wp-json\/wp\/v2\/media\/82332"}],"wp:attachment":[{"href":"https:\/\/imprimeideas.es\/en\/wp-json\/wp\/v2\/media?parent=40935"}],"wp:term":[{"taxonomy":"product_brand","embeddable":true,"href":"https:\/\/imprimeideas.es\/en\/wp-json\/wp\/v2\/product_brand?post=40935"},{"taxonomy":"product_cat","embeddable":true,"href":"https:\/\/imprimeideas.es\/en\/wp-json\/wp\/v2\/product_cat?post=40935"},{"taxonomy":"product_tag","embeddable":true,"href":"https:\/\/imprimeideas.es\/en\/wp-json\/wp\/v2\/product_tag?post=40935"}],"curies":[{"name":"wp","href":"https:\/\/api.w.org\/{rel}","templated":true}]}}