{"id":40931,"date":"2026-02-24T11:24:14","date_gmt":"2026-02-24T10:24:14","guid":{"rendered":"https:\/\/imprimeideas.es\/?post_type=product&p=40931"},"modified":"2026-02-26T18:32:53","modified_gmt":"2026-02-26T17:32:53","slug":"boligrafo-higolf","status":"publish","type":"product","link":"https:\/\/imprimeideas.es\/en\/product\/boligrafo-higolf\/","title":{"rendered":"Bol\u00edgrafo Higolf"},"content":{"rendered":"<p>Bol\u00edgrafo fabricado en metal cromado y con cuerpo recubierto en poli\u00e9ster RPET, elaborado a partir de pl\u00e1stico reciclado para as\u00ed fomentar la reutilizaci\u00f3n de residuos pl\u00e1sticos y ayudar a la sostenibilidad del planeta. Elegante clip met\u00e1lico y accesorios a juego, de mecanismo giratorio y en tinta azul. Con distintivo RPET en cuerpo y presentado estuche kraft con funda a juego.<\/p>","protected":false},"excerpt":{"rendered":"<p>Bol\u00edgrafo fabricado en metal cromado y con cuerpo recubierto en poli\u00e9ster RPET, elaborado a partir de pl\u00e1stico reciclado para as\u00ed<\/p>","protected":false},"featured_media":85537,"comment_status":"open","ping_status":"open","template":"","meta":{"inline_featured_image":false},"product_brand":[],"product_cat":[122,100,96],"product_tag":[],"class_list":{"0":"post-40931","1":"product","2":"type-product","3":"status-publish","4":"has-post-thumbnail","6":"product_cat-articulos-sostenibles","7":"product_cat-escritura","8":"product_cat-oficina-y-negocios","10":"first","11":"instock","12":"taxable","13":"shipping-taxable","14":"purchasable","15":"product-type-variable","16":"has-default-attributes"},"aioseo_notices":[],"_links":{"self":[{"href":"https:\/\/imprimeideas.es\/en\/wp-json\/wp\/v2\/product\/40931","targetHints":{"allow":["GET"]}}],"collection":[{"href":"https:\/\/imprimeideas.es\/en\/wp-json\/wp\/v2\/product"}],"about":[{"href":"https:\/\/imprimeideas.es\/en\/wp-json\/wp\/v2\/types\/product"}],"replies":[{"embeddable":true,"href":"https:\/\/imprimeideas.es\/en\/wp-json\/wp\/v2\/comments?post=40931"}],"version-history":[{"count":1,"href":"https:\/\/imprimeideas.es\/en\/wp-json\/wp\/v2\/product\/40931\/revisions"}],"predecessor-version":[{"id":54617,"href":"https:\/\/imprimeideas.es\/en\/wp-json\/wp\/v2\/product\/40931\/revisions\/54617"}],"wp:featuredmedia":[{"embeddable":true,"href":"https:\/\/imprimeideas.es\/en\/wp-json\/wp\/v2\/media\/85537"}],"wp:attachment":[{"href":"https:\/\/imprimeideas.es\/en\/wp-json\/wp\/v2\/media?parent=40931"}],"wp:term":[{"taxonomy":"product_brand","embeddable":true,"href":"https:\/\/imprimeideas.es\/en\/wp-json\/wp\/v2\/product_brand?post=40931"},{"taxonomy":"product_cat","embeddable":true,"href":"https:\/\/imprimeideas.es\/en\/wp-json\/wp\/v2\/product_cat?post=40931"},{"taxonomy":"product_tag","embeddable":true,"href":"https:\/\/imprimeideas.es\/en\/wp-json\/wp\/v2\/product_tag?post=40931"}],"curies":[{"name":"wp","href":"https:\/\/api.w.org\/{rel}","templated":true}]}}