{"id":40925,"date":"2026-02-24T11:24:14","date_gmt":"2026-02-24T10:24:14","guid":{"rendered":"https:\/\/imprimeideas.es\/?post_type=product&p=40925"},"modified":"2026-02-25T16:18:30","modified_gmt":"2026-02-25T15:18:30","slug":"portanotas-semillas-lezo","status":"publish","type":"product","link":"https:\/\/imprimeideas.es\/en\/product\/portanotas-semillas-lezo\/","title":{"rendered":"Portanotas Semillas Lezo"},"content":{"rendered":"<p>Portanotas semillas de l\u00ednea nature con original dise\u00f1o nube. Incluye: Bloc de 80 notas blancas en forma de nube.Base con soporte para bol\u00edgrafo y dos compartimentos, con hoja de papel semilla incluida. Fabricado en ca\u00f1a de trigo, para as\u00ed fomentar la utilizaci\u00f3n de materias primas naturales y reducir las emisiones contaminantes.Bol\u00edgrafo puntero con cuerpo fabricado en bamb\u00fa capucha y detalles en ca\u00f1a de trigo. En tinta azul.Set presentado en caja individual de dise\u00f1o kraft, con manual de instrucciones en espa\u00f1ol e ingl\u00e9s.<\/p>","protected":false},"excerpt":{"rendered":"<p>80 Hojas. Flores Silvestres. Bol\u00edgrafo Puntero Bamb\u00fa Incluido<\/p>","protected":false},"featured_media":68265,"comment_status":"open","ping_status":"open","template":"","meta":{"inline_featured_image":false},"product_brand":[],"product_cat":[122,100],"product_tag":[],"class_list":{"0":"post-40925","1":"product","2":"type-product","3":"status-publish","4":"has-post-thumbnail","6":"product_cat-articulos-sostenibles","7":"product_cat-escritura","9":"first","10":"outofstock","11":"taxable","12":"shipping-taxable","13":"purchasable","14":"product-type-variable","15":"has-default-attributes"},"aioseo_notices":[],"_links":{"self":[{"href":"https:\/\/imprimeideas.es\/en\/wp-json\/wp\/v2\/product\/40925","targetHints":{"allow":["GET"]}}],"collection":[{"href":"https:\/\/imprimeideas.es\/en\/wp-json\/wp\/v2\/product"}],"about":[{"href":"https:\/\/imprimeideas.es\/en\/wp-json\/wp\/v2\/types\/product"}],"replies":[{"embeddable":true,"href":"https:\/\/imprimeideas.es\/en\/wp-json\/wp\/v2\/comments?post=40925"}],"version-history":[{"count":1,"href":"https:\/\/imprimeideas.es\/en\/wp-json\/wp\/v2\/product\/40925\/revisions"}],"predecessor-version":[{"id":54615,"href":"https:\/\/imprimeideas.es\/en\/wp-json\/wp\/v2\/product\/40925\/revisions\/54615"}],"wp:featuredmedia":[{"embeddable":true,"href":"https:\/\/imprimeideas.es\/en\/wp-json\/wp\/v2\/media\/68265"}],"wp:attachment":[{"href":"https:\/\/imprimeideas.es\/en\/wp-json\/wp\/v2\/media?parent=40925"}],"wp:term":[{"taxonomy":"product_brand","embeddable":true,"href":"https:\/\/imprimeideas.es\/en\/wp-json\/wp\/v2\/product_brand?post=40925"},{"taxonomy":"product_cat","embeddable":true,"href":"https:\/\/imprimeideas.es\/en\/wp-json\/wp\/v2\/product_cat?post=40925"},{"taxonomy":"product_tag","embeddable":true,"href":"https:\/\/imprimeideas.es\/en\/wp-json\/wp\/v2\/product_tag?post=40925"}],"curies":[{"name":"wp","href":"https:\/\/api.w.org\/{rel}","templated":true}]}}