{"id":40917,"date":"2026-02-24T11:24:13","date_gmt":"2026-02-24T10:24:13","guid":{"rendered":"https:\/\/imprimeideas.es\/?post_type=product&p=40917"},"modified":"2026-02-26T18:42:29","modified_gmt":"2026-02-26T17:42:29","slug":"boligrafo-roliok","status":"publish","type":"product","link":"https:\/\/imprimeideas.es\/en\/product\/boligrafo-roliok\/","title":{"rendered":"Bol\u00edgrafo Roliok"},"content":{"rendered":"<p>Bol\u00edgrafo de l\u00ednea nature, con cuerpo fabricado con cartones de leche reciclados y detalles en color blanco. De mecanismo pulsador y en tinta azul, con distintivo cart\u00f3n de leche reciclado en el cuerpo. Los cartones de leche se componen en su mayor parte de cart\u00f3n y aluminio. Durante su proceso de reciclado, se separan los distintos materiales del envase para su reutilizaci\u00f3n y nuevo uso, contribuyendo as\u00ed a recorrer el camino infinito de la econom\u00eda circular. Este material se caracteriza por su alto grado de reciclabilidad, as\u00ed como por su ligereza y resistencia.<\/p>","protected":false},"excerpt":{"rendered":"<p>Bol\u00edgrafo de l\u00ednea nature, con cuerpo fabricado con cartones de leche reciclados y detalles en color blanco. De mecanismo pulsador<\/p>","protected":false},"featured_media":75719,"comment_status":"open","ping_status":"open","template":"","meta":{"inline_featured_image":false},"product_brand":[],"product_cat":[122,100,96],"product_tag":[],"class_list":{"0":"post-40917","1":"product","2":"type-product","3":"status-publish","4":"has-post-thumbnail","6":"product_cat-articulos-sostenibles","7":"product_cat-escritura","8":"product_cat-oficina-y-negocios","10":"first","11":"instock","12":"taxable","13":"shipping-taxable","14":"purchasable","15":"product-type-variable","16":"has-default-attributes"},"aioseo_notices":[],"_links":{"self":[{"href":"https:\/\/imprimeideas.es\/en\/wp-json\/wp\/v2\/product\/40917","targetHints":{"allow":["GET"]}}],"collection":[{"href":"https:\/\/imprimeideas.es\/en\/wp-json\/wp\/v2\/product"}],"about":[{"href":"https:\/\/imprimeideas.es\/en\/wp-json\/wp\/v2\/types\/product"}],"replies":[{"embeddable":true,"href":"https:\/\/imprimeideas.es\/en\/wp-json\/wp\/v2\/comments?post=40917"}],"version-history":[{"count":1,"href":"https:\/\/imprimeideas.es\/en\/wp-json\/wp\/v2\/product\/40917\/revisions"}],"predecessor-version":[{"id":54613,"href":"https:\/\/imprimeideas.es\/en\/wp-json\/wp\/v2\/product\/40917\/revisions\/54613"}],"wp:featuredmedia":[{"embeddable":true,"href":"https:\/\/imprimeideas.es\/en\/wp-json\/wp\/v2\/media\/75719"}],"wp:attachment":[{"href":"https:\/\/imprimeideas.es\/en\/wp-json\/wp\/v2\/media?parent=40917"}],"wp:term":[{"taxonomy":"product_brand","embeddable":true,"href":"https:\/\/imprimeideas.es\/en\/wp-json\/wp\/v2\/product_brand?post=40917"},{"taxonomy":"product_cat","embeddable":true,"href":"https:\/\/imprimeideas.es\/en\/wp-json\/wp\/v2\/product_cat?post=40917"},{"taxonomy":"product_tag","embeddable":true,"href":"https:\/\/imprimeideas.es\/en\/wp-json\/wp\/v2\/product_tag?post=40917"}],"curies":[{"name":"wp","href":"https:\/\/api.w.org\/{rel}","templated":true}]}}