{"id":40913,"date":"2026-02-24T11:24:12","date_gmt":"2026-02-24T10:24:12","guid":{"rendered":"https:\/\/imprimeideas.es\/?post_type=product&p=40913"},"modified":"2026-02-26T18:27:57","modified_gmt":"2026-02-26T17:27:57","slug":"boligrafo-brilen","status":"publish","type":"product","link":"https:\/\/imprimeideas.es\/en\/product\/boligrafo-brilen\/","title":{"rendered":"Bol\u00edgrafo Brilen"},"content":{"rendered":"<p>Bol\u00edgrafo eco-friendly fabricado en aluminio reciclado. De mecanismo giratorio, con cuerpo disponible en variada gama de colores metalizados y accesorios en cromado. Con clip met\u00e1lico y distintivo aluminio reciclado en la parte superior del bol\u00edgrafo. Cartucho jumbo y tinta azul.El origen del aluminio reciclado se encuentra en la reutilizaci\u00f3n casi infinita de uno de los materiales con mayor potencial de reciclabilidad sin perder sus propiedades. Esta caracter\u00edstica lo convierte en un material eco-friendly de origen reciclado, f\u00e1cilmente reciclable y de cuyos procesos de tratamiento y desechos para la obtenci\u00f3n del material se pueden obtener nuevos recursos reutilizables, consumiendo menos energ\u00eda en su fabricaci\u00f3n, entre otros factores de sostenibilidad. Certificaci\u00f3n GRS (Global Recycled Standard \/ Est\u00e1ndar de Reciclaje Global), que garantiza el origen reciclado del material usado para fabricar el producto.<\/p>","protected":false},"excerpt":{"rendered":"<p>Carga Jumbo<\/p>","protected":false},"featured_media":84233,"comment_status":"open","ping_status":"open","template":"","meta":{"inline_featured_image":false},"product_brand":[],"product_cat":[122,100],"product_tag":[],"class_list":{"0":"post-40913","1":"product","2":"type-product","3":"status-publish","4":"has-post-thumbnail","6":"product_cat-articulos-sostenibles","7":"product_cat-escritura","9":"first","10":"instock","11":"taxable","12":"shipping-taxable","13":"purchasable","14":"product-type-variable","15":"has-default-attributes"},"aioseo_notices":[],"_links":{"self":[{"href":"https:\/\/imprimeideas.es\/en\/wp-json\/wp\/v2\/product\/40913","targetHints":{"allow":["GET"]}}],"collection":[{"href":"https:\/\/imprimeideas.es\/en\/wp-json\/wp\/v2\/product"}],"about":[{"href":"https:\/\/imprimeideas.es\/en\/wp-json\/wp\/v2\/types\/product"}],"replies":[{"embeddable":true,"href":"https:\/\/imprimeideas.es\/en\/wp-json\/wp\/v2\/comments?post=40913"}],"version-history":[{"count":1,"href":"https:\/\/imprimeideas.es\/en\/wp-json\/wp\/v2\/product\/40913\/revisions"}],"predecessor-version":[{"id":54612,"href":"https:\/\/imprimeideas.es\/en\/wp-json\/wp\/v2\/product\/40913\/revisions\/54612"}],"wp:featuredmedia":[{"embeddable":true,"href":"https:\/\/imprimeideas.es\/en\/wp-json\/wp\/v2\/media\/84233"}],"wp:attachment":[{"href":"https:\/\/imprimeideas.es\/en\/wp-json\/wp\/v2\/media?parent=40913"}],"wp:term":[{"taxonomy":"product_brand","embeddable":true,"href":"https:\/\/imprimeideas.es\/en\/wp-json\/wp\/v2\/product_brand?post=40913"},{"taxonomy":"product_cat","embeddable":true,"href":"https:\/\/imprimeideas.es\/en\/wp-json\/wp\/v2\/product_cat?post=40913"},{"taxonomy":"product_tag","embeddable":true,"href":"https:\/\/imprimeideas.es\/en\/wp-json\/wp\/v2\/product_tag?post=40913"}],"curies":[{"name":"wp","href":"https:\/\/api.w.org\/{rel}","templated":true}]}}