{"id":40895,"date":"2026-02-24T11:24:10","date_gmt":"2026-02-24T10:24:10","guid":{"rendered":"https:\/\/imprimeideas.es\/?post_type=product&p=40895"},"modified":"2026-02-26T18:28:03","modified_gmt":"2026-02-26T17:28:03","slug":"boligrafo-ricen","status":"publish","type":"product","link":"https:\/\/imprimeideas.es\/en\/product\/boligrafo-ricen\/","title":{"rendered":"Bol\u00edgrafo Ricen"},"content":{"rendered":"<p>Bol\u00edgrafo en tinta gel de original dise\u00f1o transparente, con empu\u00f1adura, capucha y detalles a juego. Disponible en varios colores de escritura, con tinta en el mismo color que los acabados del bol\u00edgrafo.<\/p>","protected":false},"excerpt":{"rendered":"<p>Tinta Gel<\/p>","protected":false},"featured_media":72507,"comment_status":"open","ping_status":"open","template":"","meta":{"inline_featured_image":false},"product_brand":[],"product_cat":[100],"product_tag":[],"class_list":{"0":"post-40895","1":"product","2":"type-product","3":"status-publish","4":"has-post-thumbnail","6":"product_cat-escritura","8":"first","9":"instock","10":"taxable","11":"shipping-taxable","12":"purchasable","13":"product-type-variable","14":"has-default-attributes"},"aioseo_notices":[],"_links":{"self":[{"href":"https:\/\/imprimeideas.es\/en\/wp-json\/wp\/v2\/product\/40895","targetHints":{"allow":["GET"]}}],"collection":[{"href":"https:\/\/imprimeideas.es\/en\/wp-json\/wp\/v2\/product"}],"about":[{"href":"https:\/\/imprimeideas.es\/en\/wp-json\/wp\/v2\/types\/product"}],"replies":[{"embeddable":true,"href":"https:\/\/imprimeideas.es\/en\/wp-json\/wp\/v2\/comments?post=40895"}],"version-history":[{"count":1,"href":"https:\/\/imprimeideas.es\/en\/wp-json\/wp\/v2\/product\/40895\/revisions"}],"predecessor-version":[{"id":54607,"href":"https:\/\/imprimeideas.es\/en\/wp-json\/wp\/v2\/product\/40895\/revisions\/54607"}],"wp:featuredmedia":[{"embeddable":true,"href":"https:\/\/imprimeideas.es\/en\/wp-json\/wp\/v2\/media\/72507"}],"wp:attachment":[{"href":"https:\/\/imprimeideas.es\/en\/wp-json\/wp\/v2\/media?parent=40895"}],"wp:term":[{"taxonomy":"product_brand","embeddable":true,"href":"https:\/\/imprimeideas.es\/en\/wp-json\/wp\/v2\/product_brand?post=40895"},{"taxonomy":"product_cat","embeddable":true,"href":"https:\/\/imprimeideas.es\/en\/wp-json\/wp\/v2\/product_cat?post=40895"},{"taxonomy":"product_tag","embeddable":true,"href":"https:\/\/imprimeideas.es\/en\/wp-json\/wp\/v2\/product_tag?post=40895"}],"curies":[{"name":"wp","href":"https:\/\/api.w.org\/{rel}","templated":true}]}}