{"id":40891,"date":"2026-02-24T11:24:10","date_gmt":"2026-02-24T10:24:10","guid":{"rendered":"https:\/\/imprimeideas.es\/?post_type=product&p=40891"},"modified":"2026-02-26T18:32:50","modified_gmt":"2026-02-26T17:32:50","slug":"lupa-marcapaginas-kigan","status":"publish","type":"product","link":"https:\/\/imprimeideas.es\/en\/product\/lupa-marcapaginas-kigan\/","title":{"rendered":"Lupa Marcap\u00e1ginas Kigan"},"content":{"rendered":"<p>Marcap\u00e1ginas de l\u00ednea nature con lupa 3X integrada. Fabricado en cart\u00f3n reciclado, con amplia superficie de marcaje y con cord\u00f3n de transporte a juego.<\/p>","protected":false},"excerpt":{"rendered":"<p>Marcap\u00e1ginas de l\u00ednea nature con lupa 3X integrada. Fabricado en cart\u00f3n reciclado, con amplia superficie de marcaje y con cord\u00f3n<\/p>","protected":false},"featured_media":64079,"comment_status":"open","ping_status":"open","template":"","meta":{"inline_featured_image":false},"product_brand":[],"product_cat":[122,96],"product_tag":[],"class_list":{"0":"post-40891","1":"product","2":"type-product","3":"status-publish","4":"has-post-thumbnail","6":"product_cat-articulos-sostenibles","7":"product_cat-oficina-y-negocios","9":"first","10":"outofstock","11":"taxable","12":"shipping-taxable","13":"purchasable","14":"product-type-variable","15":"has-default-attributes"},"aioseo_notices":[],"_links":{"self":[{"href":"https:\/\/imprimeideas.es\/en\/wp-json\/wp\/v2\/product\/40891","targetHints":{"allow":["GET"]}}],"collection":[{"href":"https:\/\/imprimeideas.es\/en\/wp-json\/wp\/v2\/product"}],"about":[{"href":"https:\/\/imprimeideas.es\/en\/wp-json\/wp\/v2\/types\/product"}],"replies":[{"embeddable":true,"href":"https:\/\/imprimeideas.es\/en\/wp-json\/wp\/v2\/comments?post=40891"}],"version-history":[{"count":1,"href":"https:\/\/imprimeideas.es\/en\/wp-json\/wp\/v2\/product\/40891\/revisions"}],"predecessor-version":[{"id":54605,"href":"https:\/\/imprimeideas.es\/en\/wp-json\/wp\/v2\/product\/40891\/revisions\/54605"}],"wp:featuredmedia":[{"embeddable":true,"href":"https:\/\/imprimeideas.es\/en\/wp-json\/wp\/v2\/media\/64079"}],"wp:attachment":[{"href":"https:\/\/imprimeideas.es\/en\/wp-json\/wp\/v2\/media?parent=40891"}],"wp:term":[{"taxonomy":"product_brand","embeddable":true,"href":"https:\/\/imprimeideas.es\/en\/wp-json\/wp\/v2\/product_brand?post=40891"},{"taxonomy":"product_cat","embeddable":true,"href":"https:\/\/imprimeideas.es\/en\/wp-json\/wp\/v2\/product_cat?post=40891"},{"taxonomy":"product_tag","embeddable":true,"href":"https:\/\/imprimeideas.es\/en\/wp-json\/wp\/v2\/product_tag?post=40891"}],"curies":[{"name":"wp","href":"https:\/\/api.w.org\/{rel}","templated":true}]}}