{"id":40885,"date":"2026-02-24T11:24:09","date_gmt":"2026-02-24T10:24:09","guid":{"rendered":"https:\/\/imprimeideas.es\/?post_type=product&p=40885"},"modified":"2026-02-26T18:23:26","modified_gmt":"2026-02-26T17:23:26","slug":"estuche-laybax","status":"publish","type":"product","link":"https:\/\/imprimeideas.es\/en\/product\/estuche-laybax\/","title":{"rendered":"Estuche Laybax"},"content":{"rendered":"<p>Estuche de l\u00ednea nature elaborado en algod\u00f3n reciclado. Compartimento principal de cierre de cremallera, con distintivo algod\u00f3n reciclado en etiqueta. Disponible en amplia gama de colores.<\/p>","protected":false},"excerpt":{"rendered":"<p>Estuche de l\u00ednea nature elaborado en algod\u00f3n reciclado. Compartimento principal de cierre de cremallera, con distintivo algod\u00f3n reciclado en etiqueta.<\/p>","protected":false},"featured_media":70811,"comment_status":"open","ping_status":"open","template":"","meta":{"inline_featured_image":false},"product_brand":[],"product_cat":[122,100,108],"product_tag":[],"class_list":{"0":"post-40885","1":"product","2":"type-product","3":"status-publish","4":"has-post-thumbnail","6":"product_cat-articulos-sostenibles","7":"product_cat-escritura","8":"product_cat-infantil","10":"first","11":"instock","12":"taxable","13":"shipping-taxable","14":"purchasable","15":"product-type-variable","16":"has-default-attributes"},"aioseo_notices":[],"_links":{"self":[{"href":"https:\/\/imprimeideas.es\/en\/wp-json\/wp\/v2\/product\/40885","targetHints":{"allow":["GET"]}}],"collection":[{"href":"https:\/\/imprimeideas.es\/en\/wp-json\/wp\/v2\/product"}],"about":[{"href":"https:\/\/imprimeideas.es\/en\/wp-json\/wp\/v2\/types\/product"}],"replies":[{"embeddable":true,"href":"https:\/\/imprimeideas.es\/en\/wp-json\/wp\/v2\/comments?post=40885"}],"version-history":[{"count":1,"href":"https:\/\/imprimeideas.es\/en\/wp-json\/wp\/v2\/product\/40885\/revisions"}],"predecessor-version":[{"id":54604,"href":"https:\/\/imprimeideas.es\/en\/wp-json\/wp\/v2\/product\/40885\/revisions\/54604"}],"wp:featuredmedia":[{"embeddable":true,"href":"https:\/\/imprimeideas.es\/en\/wp-json\/wp\/v2\/media\/70811"}],"wp:attachment":[{"href":"https:\/\/imprimeideas.es\/en\/wp-json\/wp\/v2\/media?parent=40885"}],"wp:term":[{"taxonomy":"product_brand","embeddable":true,"href":"https:\/\/imprimeideas.es\/en\/wp-json\/wp\/v2\/product_brand?post=40885"},{"taxonomy":"product_cat","embeddable":true,"href":"https:\/\/imprimeideas.es\/en\/wp-json\/wp\/v2\/product_cat?post=40885"},{"taxonomy":"product_tag","embeddable":true,"href":"https:\/\/imprimeideas.es\/en\/wp-json\/wp\/v2\/product_tag?post=40885"}],"curies":[{"name":"wp","href":"https:\/\/api.w.org\/{rel}","templated":true}]}}