{"id":40876,"date":"2026-02-24T11:24:08","date_gmt":"2026-02-24T10:24:08","guid":{"rendered":"https:\/\/imprimeideas.es\/?post_type=product&p=40876"},"modified":"2026-02-26T18:19:13","modified_gmt":"2026-02-26T17:19:13","slug":"hucha-hippo","status":"publish","type":"product","link":"https:\/\/imprimeideas.es\/en\/product\/hucha-hippo\/","title":{"rendered":"Hucha Hippo"},"content":{"rendered":"<p>Hucha de original dise\u00f1o hipop\u00f3tamo, fabricada en suave y resistente PVC apto para ni\u00f1os. Con tapadera inferior y disponible en variada gama de colores.<\/p>","protected":false},"excerpt":{"rendered":"<p>Hucha de original dise\u00f1o hipop\u00f3tamo, fabricada en suave y resistente PVC apto para ni\u00f1os. Con tapadera inferior y disponible en<\/p>","protected":false},"featured_media":66802,"comment_status":"open","ping_status":"open","template":"","meta":{"inline_featured_image":false},"product_brand":[],"product_cat":[108],"product_tag":[],"class_list":{"0":"post-40876","1":"product","2":"type-product","3":"status-publish","4":"has-post-thumbnail","6":"product_cat-infantil","8":"first","9":"instock","10":"taxable","11":"shipping-taxable","12":"purchasable","13":"product-type-variable","14":"has-default-attributes"},"aioseo_notices":[],"_links":{"self":[{"href":"https:\/\/imprimeideas.es\/en\/wp-json\/wp\/v2\/product\/40876","targetHints":{"allow":["GET"]}}],"collection":[{"href":"https:\/\/imprimeideas.es\/en\/wp-json\/wp\/v2\/product"}],"about":[{"href":"https:\/\/imprimeideas.es\/en\/wp-json\/wp\/v2\/types\/product"}],"replies":[{"embeddable":true,"href":"https:\/\/imprimeideas.es\/en\/wp-json\/wp\/v2\/comments?post=40876"}],"version-history":[{"count":1,"href":"https:\/\/imprimeideas.es\/en\/wp-json\/wp\/v2\/product\/40876\/revisions"}],"predecessor-version":[{"id":54601,"href":"https:\/\/imprimeideas.es\/en\/wp-json\/wp\/v2\/product\/40876\/revisions\/54601"}],"wp:featuredmedia":[{"embeddable":true,"href":"https:\/\/imprimeideas.es\/en\/wp-json\/wp\/v2\/media\/66802"}],"wp:attachment":[{"href":"https:\/\/imprimeideas.es\/en\/wp-json\/wp\/v2\/media?parent=40876"}],"wp:term":[{"taxonomy":"product_brand","embeddable":true,"href":"https:\/\/imprimeideas.es\/en\/wp-json\/wp\/v2\/product_brand?post=40876"},{"taxonomy":"product_cat","embeddable":true,"href":"https:\/\/imprimeideas.es\/en\/wp-json\/wp\/v2\/product_cat?post=40876"},{"taxonomy":"product_tag","embeddable":true,"href":"https:\/\/imprimeideas.es\/en\/wp-json\/wp\/v2\/product_tag?post=40876"}],"curies":[{"name":"wp","href":"https:\/\/api.w.org\/{rel}","templated":true}]}}