{"id":40874,"date":"2026-02-24T11:24:08","date_gmt":"2026-02-24T10:24:08","guid":{"rendered":"https:\/\/imprimeideas.es\/?post_type=product&p=40874"},"modified":"2026-02-26T18:19:20","modified_gmt":"2026-02-26T17:19:20","slug":"bidon-termico-sublimacion-varn","status":"publish","type":"product","link":"https:\/\/imprimeideas.es\/en\/product\/bidon-termico-sublimacion-varn\/","title":{"rendered":"Bid\u00f3n T\u00e9rmico Sublimaci\u00f3n Varn"},"content":{"rendered":"<p>Bid\u00f3n t\u00e9rmico de 500 ml de capacidad, fabricado en acero inox de doble pared y especialmente dise\u00f1ado para marcaje en sublimaci\u00f3n. De acabado blanco brillo y con tap\u00f3n a rosca a juego, libre de BPA. Presentado en caja individual de dise\u00f1o kraft.Disponible manual de instrucciones en espa\u00f1ol e ingl\u00e9s.<\/p>","protected":false},"excerpt":{"rendered":"<p>500 ml<\/p>","protected":false},"featured_media":83694,"comment_status":"open","ping_status":"open","template":"","meta":{"inline_featured_image":false},"product_brand":[],"product_cat":[115,97],"product_tag":[],"class_list":{"0":"post-40874","1":"product","2":"type-product","3":"status-publish","4":"has-post-thumbnail","6":"product_cat-sublimacion","7":"product_cat-tazas-jarras-y-termos","9":"first","10":"instock","11":"taxable","12":"shipping-taxable","13":"purchasable","14":"product-type-variable","15":"has-default-attributes"},"aioseo_notices":[],"_links":{"self":[{"href":"https:\/\/imprimeideas.es\/en\/wp-json\/wp\/v2\/product\/40874","targetHints":{"allow":["GET"]}}],"collection":[{"href":"https:\/\/imprimeideas.es\/en\/wp-json\/wp\/v2\/product"}],"about":[{"href":"https:\/\/imprimeideas.es\/en\/wp-json\/wp\/v2\/types\/product"}],"replies":[{"embeddable":true,"href":"https:\/\/imprimeideas.es\/en\/wp-json\/wp\/v2\/comments?post=40874"}],"version-history":[{"count":1,"href":"https:\/\/imprimeideas.es\/en\/wp-json\/wp\/v2\/product\/40874\/revisions"}],"predecessor-version":[{"id":54600,"href":"https:\/\/imprimeideas.es\/en\/wp-json\/wp\/v2\/product\/40874\/revisions\/54600"}],"wp:featuredmedia":[{"embeddable":true,"href":"https:\/\/imprimeideas.es\/en\/wp-json\/wp\/v2\/media\/83694"}],"wp:attachment":[{"href":"https:\/\/imprimeideas.es\/en\/wp-json\/wp\/v2\/media?parent=40874"}],"wp:term":[{"taxonomy":"product_brand","embeddable":true,"href":"https:\/\/imprimeideas.es\/en\/wp-json\/wp\/v2\/product_brand?post=40874"},{"taxonomy":"product_cat","embeddable":true,"href":"https:\/\/imprimeideas.es\/en\/wp-json\/wp\/v2\/product_cat?post=40874"},{"taxonomy":"product_tag","embeddable":true,"href":"https:\/\/imprimeideas.es\/en\/wp-json\/wp\/v2\/product_tag?post=40874"}],"curies":[{"name":"wp","href":"https:\/\/api.w.org\/{rel}","templated":true}]}}