{"id":40862,"date":"2026-02-24T11:24:07","date_gmt":"2026-02-24T10:24:07","guid":{"rendered":"https:\/\/imprimeideas.es\/?post_type=product&p=40862"},"modified":"2026-02-26T18:19:37","modified_gmt":"2026-02-26T17:19:37","slug":"set-posavasos-yagger","status":"publish","type":"product","link":"https:\/\/imprimeideas.es\/en\/product\/set-posavasos-yagger\/","title":{"rendered":"Set Posavasos Yagger"},"content":{"rendered":"<p>Set de 4 posavasos de l\u00ednea nature, fabricados en corcho natural. Presentaci\u00f3n en bolsa de algod\u00f3n 100% con cierre de cord\u00f3n.<\/p>","protected":false},"excerpt":{"rendered":"<p>4 Piezas. Funda Algod\u00f3n<\/p>","protected":false},"featured_media":78110,"comment_status":"open","ping_status":"open","template":"","meta":{"inline_featured_image":false},"product_brand":[],"product_cat":[122,104,106],"product_tag":[],"class_list":{"0":"post-40862","1":"product","2":"type-product","3":"status-publish","4":"has-post-thumbnail","6":"product_cat-articulos-sostenibles","7":"product_cat-hogar-y-decoracion","8":"product_cat-regalos-y-premiums","10":"first","11":"outofstock","12":"taxable","13":"shipping-taxable","14":"purchasable","15":"product-type-variable","16":"has-default-attributes"},"aioseo_notices":[],"_links":{"self":[{"href":"https:\/\/imprimeideas.es\/en\/wp-json\/wp\/v2\/product\/40862","targetHints":{"allow":["GET"]}}],"collection":[{"href":"https:\/\/imprimeideas.es\/en\/wp-json\/wp\/v2\/product"}],"about":[{"href":"https:\/\/imprimeideas.es\/en\/wp-json\/wp\/v2\/types\/product"}],"replies":[{"embeddable":true,"href":"https:\/\/imprimeideas.es\/en\/wp-json\/wp\/v2\/comments?post=40862"}],"version-history":[{"count":1,"href":"https:\/\/imprimeideas.es\/en\/wp-json\/wp\/v2\/product\/40862\/revisions"}],"predecessor-version":[{"id":54594,"href":"https:\/\/imprimeideas.es\/en\/wp-json\/wp\/v2\/product\/40862\/revisions\/54594"}],"wp:featuredmedia":[{"embeddable":true,"href":"https:\/\/imprimeideas.es\/en\/wp-json\/wp\/v2\/media\/78110"}],"wp:attachment":[{"href":"https:\/\/imprimeideas.es\/en\/wp-json\/wp\/v2\/media?parent=40862"}],"wp:term":[{"taxonomy":"product_brand","embeddable":true,"href":"https:\/\/imprimeideas.es\/en\/wp-json\/wp\/v2\/product_brand?post=40862"},{"taxonomy":"product_cat","embeddable":true,"href":"https:\/\/imprimeideas.es\/en\/wp-json\/wp\/v2\/product_cat?post=40862"},{"taxonomy":"product_tag","embeddable":true,"href":"https:\/\/imprimeideas.es\/en\/wp-json\/wp\/v2\/product_tag?post=40862"}],"curies":[{"name":"wp","href":"https:\/\/api.w.org\/{rel}","templated":true}]}}