{"id":40854,"date":"2026-02-24T11:24:06","date_gmt":"2026-02-24T10:24:06","guid":{"rendered":"https:\/\/imprimeideas.es\/?post_type=product&p=40854"},"modified":"2026-02-26T18:03:06","modified_gmt":"2026-02-26T17:03:06","slug":"bolsa-drazen","status":"publish","type":"product","link":"https:\/\/imprimeideas.es\/en\/product\/bolsa-drazen\/","title":{"rendered":"Bolsa Drazen"},"content":{"rendered":"<p>Bolsa para botellas de l\u00ednea nature. Fabricada en algod\u00f3n org\u00e1nico 100%, con cierre de cord\u00f3n y base en corcho natural. Ideal para botellas de 750 ml.<\/p>","protected":false},"excerpt":{"rendered":"<p>Bolsa para botellas de l\u00ednea nature. Fabricada en algod\u00f3n org\u00e1nico 100%, con cierre de cord\u00f3n y base en corcho natural.<\/p>","protected":false},"featured_media":83119,"comment_status":"open","ping_status":"open","template":"","meta":{"inline_featured_image":false},"product_brand":[],"product_cat":[122,99,105],"product_tag":[],"class_list":{"0":"post-40854","1":"product","2":"type-product","3":"status-publish","4":"has-post-thumbnail","6":"product_cat-articulos-sostenibles","7":"product_cat-bolsas","8":"product_cat-vino-accesorios-de-bebida-y-hosteleria","10":"first","11":"instock","12":"taxable","13":"shipping-taxable","14":"purchasable","15":"product-type-variable","16":"has-default-attributes"},"aioseo_notices":[],"_links":{"self":[{"href":"https:\/\/imprimeideas.es\/en\/wp-json\/wp\/v2\/product\/40854","targetHints":{"allow":["GET"]}}],"collection":[{"href":"https:\/\/imprimeideas.es\/en\/wp-json\/wp\/v2\/product"}],"about":[{"href":"https:\/\/imprimeideas.es\/en\/wp-json\/wp\/v2\/types\/product"}],"replies":[{"embeddable":true,"href":"https:\/\/imprimeideas.es\/en\/wp-json\/wp\/v2\/comments?post=40854"}],"version-history":[{"count":1,"href":"https:\/\/imprimeideas.es\/en\/wp-json\/wp\/v2\/product\/40854\/revisions"}],"predecessor-version":[{"id":54590,"href":"https:\/\/imprimeideas.es\/en\/wp-json\/wp\/v2\/product\/40854\/revisions\/54590"}],"wp:featuredmedia":[{"embeddable":true,"href":"https:\/\/imprimeideas.es\/en\/wp-json\/wp\/v2\/media\/83119"}],"wp:attachment":[{"href":"https:\/\/imprimeideas.es\/en\/wp-json\/wp\/v2\/media?parent=40854"}],"wp:term":[{"taxonomy":"product_brand","embeddable":true,"href":"https:\/\/imprimeideas.es\/en\/wp-json\/wp\/v2\/product_brand?post=40854"},{"taxonomy":"product_cat","embeddable":true,"href":"https:\/\/imprimeideas.es\/en\/wp-json\/wp\/v2\/product_cat?post=40854"},{"taxonomy":"product_tag","embeddable":true,"href":"https:\/\/imprimeideas.es\/en\/wp-json\/wp\/v2\/product_tag?post=40854"}],"curies":[{"name":"wp","href":"https:\/\/api.w.org\/{rel}","templated":true}]}}