{"id":40839,"date":"2026-02-24T11:24:04","date_gmt":"2026-02-24T10:24:04","guid":{"rendered":"https:\/\/imprimeideas.es\/?post_type=product&p=40839"},"modified":"2026-02-26T18:08:19","modified_gmt":"2026-02-26T17:08:19","slug":"set-essential-kit","status":"publish","type":"product","link":"https:\/\/imprimeideas.es\/en\/product\/set-essential-kit\/","title":{"rendered":"Set Essential Kit"},"content":{"rendered":"<p>Set de aseo esencial con cepillo de dientes, pasta de dientes, peine y jab\u00f3n. Contenido: Cepillo de dientes y peine fabricados en ca\u00f1a de trigo, para as\u00ed fomentar la utilizaci\u00f3n de materias primas naturales y reducir las emisiones contaminantes. Pasta dent\u00edfrica en tubo de 6 gr, con tap\u00f3n a rosca. Pastilla de jab\u00f3n de 20 gr. Set presentado en caja individual de dise\u00f1o kraft.<\/p>","protected":false},"excerpt":{"rendered":"<p>Peine Ca\u00f1a de Trigo\/ PP. Cepillo Dientes Ca\u00f1a de Trigo\/ PP. Pasta Dent\u00edfrica 6 gr. Pastilla Jab\u00f3n 20 gr<\/p>","protected":false},"featured_media":75995,"comment_status":"open","ping_status":"open","template":"","meta":{"inline_featured_image":false},"product_brand":[],"product_cat":[122,107,103,105],"product_tag":[],"class_list":{"0":"post-40839","1":"product","2":"type-product","3":"status-publish","4":"has-post-thumbnail","6":"product_cat-articulos-sostenibles","7":"product_cat-cuidado-personal-y-pharma","8":"product_cat-viaje","9":"product_cat-vino-accesorios-de-bebida-y-hosteleria","11":"first","12":"instock","13":"taxable","14":"shipping-taxable","15":"purchasable","16":"product-type-variable","17":"has-default-attributes"},"aioseo_notices":[],"_links":{"self":[{"href":"https:\/\/imprimeideas.es\/en\/wp-json\/wp\/v2\/product\/40839","targetHints":{"allow":["GET"]}}],"collection":[{"href":"https:\/\/imprimeideas.es\/en\/wp-json\/wp\/v2\/product"}],"about":[{"href":"https:\/\/imprimeideas.es\/en\/wp-json\/wp\/v2\/types\/product"}],"replies":[{"embeddable":true,"href":"https:\/\/imprimeideas.es\/en\/wp-json\/wp\/v2\/comments?post=40839"}],"version-history":[{"count":1,"href":"https:\/\/imprimeideas.es\/en\/wp-json\/wp\/v2\/product\/40839\/revisions"}],"predecessor-version":[{"id":54583,"href":"https:\/\/imprimeideas.es\/en\/wp-json\/wp\/v2\/product\/40839\/revisions\/54583"}],"wp:featuredmedia":[{"embeddable":true,"href":"https:\/\/imprimeideas.es\/en\/wp-json\/wp\/v2\/media\/75995"}],"wp:attachment":[{"href":"https:\/\/imprimeideas.es\/en\/wp-json\/wp\/v2\/media?parent=40839"}],"wp:term":[{"taxonomy":"product_brand","embeddable":true,"href":"https:\/\/imprimeideas.es\/en\/wp-json\/wp\/v2\/product_brand?post=40839"},{"taxonomy":"product_cat","embeddable":true,"href":"https:\/\/imprimeideas.es\/en\/wp-json\/wp\/v2\/product_cat?post=40839"},{"taxonomy":"product_tag","embeddable":true,"href":"https:\/\/imprimeideas.es\/en\/wp-json\/wp\/v2\/product_tag?post=40839"}],"curies":[{"name":"wp","href":"https:\/\/api.w.org\/{rel}","templated":true}]}}