{"id":40835,"date":"2026-02-24T11:24:04","date_gmt":"2026-02-24T10:24:04","guid":{"rendered":"https:\/\/imprimeideas.es\/?post_type=product&p=40835"},"modified":"2026-02-26T18:42:28","modified_gmt":"2026-02-26T17:42:28","slug":"set-dental-kit","status":"publish","type":"product","link":"https:\/\/imprimeideas.es\/en\/product\/set-dental-kit\/","title":{"rendered":"Set Dental Kit"},"content":{"rendered":"<p>Set dental con cepillo de dientes y pasta dent\u00edfrica. Contenido:Cepillo de dientes fabricado en ca\u00f1a de trigo, para as\u00ed fomentar la utilizaci\u00f3n de materias primas naturales y reducir las emisiones contaminantes.Pasta dent\u00edfrica en tubo de 6 gr, con tap\u00f3n a rosca.Set presentado en estuche individual de cart\u00f3n reciclado.<\/p>","protected":false},"excerpt":{"rendered":"<p>Cepillo Dientes Ca\u00f1a de Trigo\/ PP. Pasta Dent\u00edfrica 6 gr<\/p>","protected":false},"featured_media":77355,"comment_status":"open","ping_status":"open","template":"","meta":{"inline_featured_image":false},"product_brand":[],"product_cat":[122,107,105],"product_tag":[],"class_list":{"0":"post-40835","1":"product","2":"type-product","3":"status-publish","4":"has-post-thumbnail","6":"product_cat-articulos-sostenibles","7":"product_cat-cuidado-personal-y-pharma","8":"product_cat-vino-accesorios-de-bebida-y-hosteleria","10":"first","11":"instock","12":"taxable","13":"shipping-taxable","14":"purchasable","15":"product-type-variable","16":"has-default-attributes"},"aioseo_notices":[],"_links":{"self":[{"href":"https:\/\/imprimeideas.es\/en\/wp-json\/wp\/v2\/product\/40835","targetHints":{"allow":["GET"]}}],"collection":[{"href":"https:\/\/imprimeideas.es\/en\/wp-json\/wp\/v2\/product"}],"about":[{"href":"https:\/\/imprimeideas.es\/en\/wp-json\/wp\/v2\/types\/product"}],"replies":[{"embeddable":true,"href":"https:\/\/imprimeideas.es\/en\/wp-json\/wp\/v2\/comments?post=40835"}],"version-history":[{"count":1,"href":"https:\/\/imprimeideas.es\/en\/wp-json\/wp\/v2\/product\/40835\/revisions"}],"predecessor-version":[{"id":54581,"href":"https:\/\/imprimeideas.es\/en\/wp-json\/wp\/v2\/product\/40835\/revisions\/54581"}],"wp:featuredmedia":[{"embeddable":true,"href":"https:\/\/imprimeideas.es\/en\/wp-json\/wp\/v2\/media\/77355"}],"wp:attachment":[{"href":"https:\/\/imprimeideas.es\/en\/wp-json\/wp\/v2\/media?parent=40835"}],"wp:term":[{"taxonomy":"product_brand","embeddable":true,"href":"https:\/\/imprimeideas.es\/en\/wp-json\/wp\/v2\/product_brand?post=40835"},{"taxonomy":"product_cat","embeddable":true,"href":"https:\/\/imprimeideas.es\/en\/wp-json\/wp\/v2\/product_cat?post=40835"},{"taxonomy":"product_tag","embeddable":true,"href":"https:\/\/imprimeideas.es\/en\/wp-json\/wp\/v2\/product_tag?post=40835"}],"curies":[{"name":"wp","href":"https:\/\/api.w.org\/{rel}","templated":true}]}}