{"id":40833,"date":"2026-02-24T11:24:04","date_gmt":"2026-02-24T10:24:04","guid":{"rendered":"https:\/\/imprimeideas.es\/?post_type=product&p=40833"},"modified":"2026-02-26T18:27:58","modified_gmt":"2026-02-26T17:27:58","slug":"cepillo-dientes-piglet","status":"publish","type":"product","link":"https:\/\/imprimeideas.es\/en\/product\/cepillo-dientes-piglet\/","title":{"rendered":"Cepillo Dientes Piglet"},"content":{"rendered":"<p>Cepillo de dientes de l\u00ednea nature. Con mango en corcho natural y cuerpo en bamb\u00fa, fomentando la utilizaci\u00f3n de materias primas naturales y sostenibles.<\/p>","protected":false},"excerpt":{"rendered":"<p>Cepillo de dientes de l\u00ednea nature. Con mango en corcho natural y cuerpo en bamb\u00fa, fomentando la utilizaci\u00f3n de materias<\/p>","protected":false},"featured_media":70740,"comment_status":"open","ping_status":"open","template":"","meta":{"inline_featured_image":false},"product_brand":[],"product_cat":[122,107],"product_tag":[],"class_list":{"0":"post-40833","1":"product","2":"type-product","3":"status-publish","4":"has-post-thumbnail","6":"product_cat-articulos-sostenibles","7":"product_cat-cuidado-personal-y-pharma","9":"first","10":"instock","11":"taxable","12":"shipping-taxable","13":"purchasable","14":"product-type-variable","15":"has-default-attributes"},"aioseo_notices":[],"_links":{"self":[{"href":"https:\/\/imprimeideas.es\/en\/wp-json\/wp\/v2\/product\/40833","targetHints":{"allow":["GET"]}}],"collection":[{"href":"https:\/\/imprimeideas.es\/en\/wp-json\/wp\/v2\/product"}],"about":[{"href":"https:\/\/imprimeideas.es\/en\/wp-json\/wp\/v2\/types\/product"}],"replies":[{"embeddable":true,"href":"https:\/\/imprimeideas.es\/en\/wp-json\/wp\/v2\/comments?post=40833"}],"version-history":[{"count":1,"href":"https:\/\/imprimeideas.es\/en\/wp-json\/wp\/v2\/product\/40833\/revisions"}],"predecessor-version":[{"id":54580,"href":"https:\/\/imprimeideas.es\/en\/wp-json\/wp\/v2\/product\/40833\/revisions\/54580"}],"wp:featuredmedia":[{"embeddable":true,"href":"https:\/\/imprimeideas.es\/en\/wp-json\/wp\/v2\/media\/70740"}],"wp:attachment":[{"href":"https:\/\/imprimeideas.es\/en\/wp-json\/wp\/v2\/media?parent=40833"}],"wp:term":[{"taxonomy":"product_brand","embeddable":true,"href":"https:\/\/imprimeideas.es\/en\/wp-json\/wp\/v2\/product_brand?post=40833"},{"taxonomy":"product_cat","embeddable":true,"href":"https:\/\/imprimeideas.es\/en\/wp-json\/wp\/v2\/product_cat?post=40833"},{"taxonomy":"product_tag","embeddable":true,"href":"https:\/\/imprimeideas.es\/en\/wp-json\/wp\/v2\/product_tag?post=40833"}],"curies":[{"name":"wp","href":"https:\/\/api.w.org\/{rel}","templated":true}]}}