{"id":40802,"date":"2026-02-24T11:23:34","date_gmt":"2026-02-24T10:23:34","guid":{"rendered":"https:\/\/imprimeideas.es\/?post_type=product&p=40802"},"modified":"2026-02-26T18:28:03","modified_gmt":"2026-02-26T17:28:03","slug":"cepillo-exfoliante-masajeador-ruck","status":"publish","type":"product","link":"https:\/\/imprimeideas.es\/en\/product\/cepillo-exfoliante-masajeador-ruck\/","title":{"rendered":"Cepillo Exfoliante Masajeador Ruck"},"content":{"rendered":"<p>Cepillo exfoliante masajeador fabricado en madera natural, con cinta para sujeci\u00f3n a juego. Presentado en bolsa de algod\u00f3n crudo 100% natural, con cierre de cord\u00f3n<\/p>","protected":false},"excerpt":{"rendered":"<p>Funda Algod\u00f3n<\/p>","protected":false},"featured_media":83173,"comment_status":"open","ping_status":"open","template":"","meta":{"inline_featured_image":false},"product_brand":[],"product_cat":[122,107],"product_tag":[],"class_list":{"0":"post-40802","1":"product","2":"type-product","3":"status-publish","4":"has-post-thumbnail","6":"product_cat-articulos-sostenibles","7":"product_cat-cuidado-personal-y-pharma","9":"first","10":"instock","11":"taxable","12":"shipping-taxable","13":"purchasable","14":"product-type-variable","15":"has-default-attributes"},"aioseo_notices":[],"_links":{"self":[{"href":"https:\/\/imprimeideas.es\/en\/wp-json\/wp\/v2\/product\/40802","targetHints":{"allow":["GET"]}}],"collection":[{"href":"https:\/\/imprimeideas.es\/en\/wp-json\/wp\/v2\/product"}],"about":[{"href":"https:\/\/imprimeideas.es\/en\/wp-json\/wp\/v2\/types\/product"}],"replies":[{"embeddable":true,"href":"https:\/\/imprimeideas.es\/en\/wp-json\/wp\/v2\/comments?post=40802"}],"version-history":[{"count":1,"href":"https:\/\/imprimeideas.es\/en\/wp-json\/wp\/v2\/product\/40802\/revisions"}],"predecessor-version":[{"id":54575,"href":"https:\/\/imprimeideas.es\/en\/wp-json\/wp\/v2\/product\/40802\/revisions\/54575"}],"wp:featuredmedia":[{"embeddable":true,"href":"https:\/\/imprimeideas.es\/en\/wp-json\/wp\/v2\/media\/83173"}],"wp:attachment":[{"href":"https:\/\/imprimeideas.es\/en\/wp-json\/wp\/v2\/media?parent=40802"}],"wp:term":[{"taxonomy":"product_brand","embeddable":true,"href":"https:\/\/imprimeideas.es\/en\/wp-json\/wp\/v2\/product_brand?post=40802"},{"taxonomy":"product_cat","embeddable":true,"href":"https:\/\/imprimeideas.es\/en\/wp-json\/wp\/v2\/product_cat?post=40802"},{"taxonomy":"product_tag","embeddable":true,"href":"https:\/\/imprimeideas.es\/en\/wp-json\/wp\/v2\/product_tag?post=40802"}],"curies":[{"name":"wp","href":"https:\/\/api.w.org\/{rel}","templated":true}]}}