{"id":40795,"date":"2026-02-24T11:23:34","date_gmt":"2026-02-24T10:23:34","guid":{"rendered":"https:\/\/imprimeideas.es\/?post_type=product&p=40795"},"modified":"2026-02-26T18:32:52","modified_gmt":"2026-02-26T17:32:52","slug":"set-brochas-maquillaje-kurt","status":"publish","type":"product","link":"https:\/\/imprimeideas.es\/en\/product\/set-brochas-maquillaje-kurt\/","title":{"rendered":"Set Brochas Maquillaje Kurt"},"content":{"rendered":"<p>Set de brochas de maquillaje, con 6 brochas para diferentes usos incluidas. Fabricadas en ca\u00f1a de trigo, para as\u00ed fomentar la utilizaci\u00f3n de materias primas naturales y reducir las emisiones contaminantes. Set presentado en funda de algod\u00f3n 100%, con cord\u00f3n de cierre.<\/p>","protected":false},"excerpt":{"rendered":"<p>6 Accesorios. Funda Algod\u00f3n<\/p>","protected":false},"featured_media":69625,"comment_status":"open","ping_status":"open","template":"","meta":{"inline_featured_image":false},"product_brand":[],"product_cat":[122,107],"product_tag":[],"class_list":{"0":"post-40795","1":"product","2":"type-product","3":"status-publish","4":"has-post-thumbnail","6":"product_cat-articulos-sostenibles","7":"product_cat-cuidado-personal-y-pharma","9":"first","10":"instock","11":"taxable","12":"shipping-taxable","13":"purchasable","14":"product-type-variable","15":"has-default-attributes"},"aioseo_notices":[],"_links":{"self":[{"href":"https:\/\/imprimeideas.es\/en\/wp-json\/wp\/v2\/product\/40795","targetHints":{"allow":["GET"]}}],"collection":[{"href":"https:\/\/imprimeideas.es\/en\/wp-json\/wp\/v2\/product"}],"about":[{"href":"https:\/\/imprimeideas.es\/en\/wp-json\/wp\/v2\/types\/product"}],"replies":[{"embeddable":true,"href":"https:\/\/imprimeideas.es\/en\/wp-json\/wp\/v2\/comments?post=40795"}],"version-history":[{"count":1,"href":"https:\/\/imprimeideas.es\/en\/wp-json\/wp\/v2\/product\/40795\/revisions"}],"predecessor-version":[{"id":54572,"href":"https:\/\/imprimeideas.es\/en\/wp-json\/wp\/v2\/product\/40795\/revisions\/54572"}],"wp:featuredmedia":[{"embeddable":true,"href":"https:\/\/imprimeideas.es\/en\/wp-json\/wp\/v2\/media\/69625"}],"wp:attachment":[{"href":"https:\/\/imprimeideas.es\/en\/wp-json\/wp\/v2\/media?parent=40795"}],"wp:term":[{"taxonomy":"product_brand","embeddable":true,"href":"https:\/\/imprimeideas.es\/en\/wp-json\/wp\/v2\/product_brand?post=40795"},{"taxonomy":"product_cat","embeddable":true,"href":"https:\/\/imprimeideas.es\/en\/wp-json\/wp\/v2\/product_cat?post=40795"},{"taxonomy":"product_tag","embeddable":true,"href":"https:\/\/imprimeideas.es\/en\/wp-json\/wp\/v2\/product_tag?post=40795"}],"curies":[{"name":"wp","href":"https:\/\/api.w.org\/{rel}","templated":true}]}}