{"id":40786,"date":"2026-02-24T11:23:33","date_gmt":"2026-02-24T10:23:33","guid":{"rendered":"https:\/\/imprimeideas.es\/?post_type=product&p=40786"},"modified":"2026-02-26T18:19:16","modified_gmt":"2026-02-26T17:19:16","slug":"trolley-yacman","status":"publish","type":"product","link":"https:\/\/imprimeideas.es\/en\/product\/trolley-yacman\/","title":{"rendered":"Trolley Yacman"},"content":{"rendered":"<p>Trolley de l\u00ednea nature fabricado en resistente 300D RPET. Compartimento principal con cierre de cremallera de doble tirador conforme a los est\u00e1ndares TSA -Administraci\u00f3n de la Seguridad en el Transporte-, que permite a las autoridades de aduanas inspeccionar el contenido del equipaje sin tener que forzar o romper el cierre, usando una llave especial a disposici\u00f3n de la autoridad. Interior forrado y con cintas el\u00e1sticas de sujeci\u00f3n. Exterior con 2 cintas ajustables, cierres de hebilla, bolsillo frontal con cierre de cremallera invisible y 2 asas acolchadas de transporte. Mecanismo extensible met\u00e1lico en negro, con c\u00f3moda asa de transporte y 2 ruedas. Distintivo RPET en etiqueta exterior.<\/p>","protected":false},"excerpt":{"rendered":"<p>Cierre Seguridad TSA<\/p>","protected":false},"featured_media":80913,"comment_status":"open","ping_status":"open","template":"","meta":{"inline_featured_image":false},"product_brand":[],"product_cat":[122,103],"product_tag":[],"class_list":{"0":"post-40786","1":"product","2":"type-product","3":"status-publish","4":"has-post-thumbnail","6":"product_cat-articulos-sostenibles","7":"product_cat-viaje","9":"first","10":"outofstock","11":"taxable","12":"shipping-taxable","13":"purchasable","14":"product-type-variable","15":"has-default-attributes"},"aioseo_notices":[],"_links":{"self":[{"href":"https:\/\/imprimeideas.es\/en\/wp-json\/wp\/v2\/product\/40786","targetHints":{"allow":["GET"]}}],"collection":[{"href":"https:\/\/imprimeideas.es\/en\/wp-json\/wp\/v2\/product"}],"about":[{"href":"https:\/\/imprimeideas.es\/en\/wp-json\/wp\/v2\/types\/product"}],"replies":[{"embeddable":true,"href":"https:\/\/imprimeideas.es\/en\/wp-json\/wp\/v2\/comments?post=40786"}],"version-history":[{"count":1,"href":"https:\/\/imprimeideas.es\/en\/wp-json\/wp\/v2\/product\/40786\/revisions"}],"predecessor-version":[{"id":54568,"href":"https:\/\/imprimeideas.es\/en\/wp-json\/wp\/v2\/product\/40786\/revisions\/54568"}],"wp:featuredmedia":[{"embeddable":true,"href":"https:\/\/imprimeideas.es\/en\/wp-json\/wp\/v2\/media\/80913"}],"wp:attachment":[{"href":"https:\/\/imprimeideas.es\/en\/wp-json\/wp\/v2\/media?parent=40786"}],"wp:term":[{"taxonomy":"product_brand","embeddable":true,"href":"https:\/\/imprimeideas.es\/en\/wp-json\/wp\/v2\/product_brand?post=40786"},{"taxonomy":"product_cat","embeddable":true,"href":"https:\/\/imprimeideas.es\/en\/wp-json\/wp\/v2\/product_cat?post=40786"},{"taxonomy":"product_tag","embeddable":true,"href":"https:\/\/imprimeideas.es\/en\/wp-json\/wp\/v2\/product_tag?post=40786"}],"curies":[{"name":"wp","href":"https:\/\/api.w.org\/{rel}","templated":true}]}}