{"id":40782,"date":"2026-02-24T11:23:32","date_gmt":"2026-02-24T10:23:32","guid":{"rendered":"https:\/\/imprimeideas.es\/?post_type=product&p=40782"},"modified":"2026-02-26T18:03:12","modified_gmt":"2026-02-26T17:03:12","slug":"identificador-maletas-elwes","status":"publish","type":"product","link":"https:\/\/imprimeideas.es\/en\/product\/identificador-maletas-elwes\/","title":{"rendered":"Identificador Maletas Elwes"},"content":{"rendered":"<p>Identificador para maletas de l\u00ednea nature fabricado en bamb\u00fa. Cinta de acople con cierre de hebilla y datos de identificaci\u00f3n en ingl\u00e9s, con cara opuesta lisa para marcaje.<\/p>","protected":false},"excerpt":{"rendered":"<p>Identificador para maletas de l\u00ednea nature fabricado en bamb\u00fa. Cinta de acople con cierre de hebilla y datos de identificaci\u00f3n<\/p>","protected":false},"featured_media":78259,"comment_status":"open","ping_status":"open","template":"","meta":{"inline_featured_image":false},"product_brand":[],"product_cat":[122,103],"product_tag":[],"class_list":{"0":"post-40782","1":"product","2":"type-product","3":"status-publish","4":"has-post-thumbnail","6":"product_cat-articulos-sostenibles","7":"product_cat-viaje","9":"first","10":"instock","11":"taxable","12":"shipping-taxable","13":"purchasable","14":"product-type-variable","15":"has-default-attributes"},"aioseo_notices":[],"_links":{"self":[{"href":"https:\/\/imprimeideas.es\/en\/wp-json\/wp\/v2\/product\/40782","targetHints":{"allow":["GET"]}}],"collection":[{"href":"https:\/\/imprimeideas.es\/en\/wp-json\/wp\/v2\/product"}],"about":[{"href":"https:\/\/imprimeideas.es\/en\/wp-json\/wp\/v2\/types\/product"}],"replies":[{"embeddable":true,"href":"https:\/\/imprimeideas.es\/en\/wp-json\/wp\/v2\/comments?post=40782"}],"version-history":[{"count":1,"href":"https:\/\/imprimeideas.es\/en\/wp-json\/wp\/v2\/product\/40782\/revisions"}],"predecessor-version":[{"id":54566,"href":"https:\/\/imprimeideas.es\/en\/wp-json\/wp\/v2\/product\/40782\/revisions\/54566"}],"wp:featuredmedia":[{"embeddable":true,"href":"https:\/\/imprimeideas.es\/en\/wp-json\/wp\/v2\/media\/78259"}],"wp:attachment":[{"href":"https:\/\/imprimeideas.es\/en\/wp-json\/wp\/v2\/media?parent=40782"}],"wp:term":[{"taxonomy":"product_brand","embeddable":true,"href":"https:\/\/imprimeideas.es\/en\/wp-json\/wp\/v2\/product_brand?post=40782"},{"taxonomy":"product_cat","embeddable":true,"href":"https:\/\/imprimeideas.es\/en\/wp-json\/wp\/v2\/product_cat?post=40782"},{"taxonomy":"product_tag","embeddable":true,"href":"https:\/\/imprimeideas.es\/en\/wp-json\/wp\/v2\/product_tag?post=40782"}],"curies":[{"name":"wp","href":"https:\/\/api.w.org\/{rel}","templated":true}]}}