{"id":40766,"date":"2026-02-24T11:23:31","date_gmt":"2026-02-24T10:23:31","guid":{"rendered":"https:\/\/imprimeideas.es\/?post_type=product&p=40766"},"modified":"2026-02-26T18:19:29","modified_gmt":"2026-02-26T17:19:29","slug":"rinonera-basset","status":"publish","type":"product","link":"https:\/\/imprimeideas.es\/en\/product\/rinonera-basset\/","title":{"rendered":"Ri\u00f1onera Basset"},"content":{"rendered":"<p>Ri\u00f1onera de alta calidad fabricada en resistente soft shell (neopreno), con tira reflectante. Compartimento principal con cierre de cremallera, soporte el\u00e1stico para bid\u00f3n y bolsillo para llaves y otros peque\u00f1os objetos. Con cierre de hebilla y cinta ajustable, especialmente dise\u00f1ada para actividades deportivas y de ocio.<\/p>","protected":false},"excerpt":{"rendered":"<p>Reflectante<\/p>","protected":false},"featured_media":77257,"comment_status":"open","ping_status":"open","template":"","meta":{"inline_featured_image":false},"product_brand":[],"product_cat":[101],"product_tag":[],"class_list":{"0":"post-40766","1":"product","2":"type-product","3":"status-publish","4":"has-post-thumbnail","6":"product_cat-deporte-y-aventura","8":"first","9":"instock","10":"taxable","11":"shipping-taxable","12":"purchasable","13":"product-type-variable","14":"has-default-attributes"},"aioseo_notices":[],"_links":{"self":[{"href":"https:\/\/imprimeideas.es\/en\/wp-json\/wp\/v2\/product\/40766","targetHints":{"allow":["GET"]}}],"collection":[{"href":"https:\/\/imprimeideas.es\/en\/wp-json\/wp\/v2\/product"}],"about":[{"href":"https:\/\/imprimeideas.es\/en\/wp-json\/wp\/v2\/types\/product"}],"replies":[{"embeddable":true,"href":"https:\/\/imprimeideas.es\/en\/wp-json\/wp\/v2\/comments?post=40766"}],"version-history":[{"count":1,"href":"https:\/\/imprimeideas.es\/en\/wp-json\/wp\/v2\/product\/40766\/revisions"}],"predecessor-version":[{"id":54561,"href":"https:\/\/imprimeideas.es\/en\/wp-json\/wp\/v2\/product\/40766\/revisions\/54561"}],"wp:featuredmedia":[{"embeddable":true,"href":"https:\/\/imprimeideas.es\/en\/wp-json\/wp\/v2\/media\/77257"}],"wp:attachment":[{"href":"https:\/\/imprimeideas.es\/en\/wp-json\/wp\/v2\/media?parent=40766"}],"wp:term":[{"taxonomy":"product_brand","embeddable":true,"href":"https:\/\/imprimeideas.es\/en\/wp-json\/wp\/v2\/product_brand?post=40766"},{"taxonomy":"product_cat","embeddable":true,"href":"https:\/\/imprimeideas.es\/en\/wp-json\/wp\/v2\/product_cat?post=40766"},{"taxonomy":"product_tag","embeddable":true,"href":"https:\/\/imprimeideas.es\/en\/wp-json\/wp\/v2\/product_tag?post=40766"}],"curies":[{"name":"wp","href":"https:\/\/api.w.org\/{rel}","templated":true}]}}