{"id":40762,"date":"2026-02-24T11:23:30","date_gmt":"2026-02-24T10:23:30","guid":{"rendered":"https:\/\/imprimeideas.es\/?post_type=product&p=40762"},"modified":"2026-02-26T18:03:02","modified_gmt":"2026-02-26T17:03:02","slug":"flexometro-multifuncion-sanwel-3m","status":"publish","type":"product","link":"https:\/\/imprimeideas.es\/en\/product\/flexometro-multifuncion-sanwel-3m\/","title":{"rendered":"Flex\u00f3metro Multifunci\u00f3n Sanwel 3m"},"content":{"rendered":"<p>Flex\u00f3metro 3 m multifunci\u00f3n de l\u00ednea nature, con carcasa fabrcada en ca\u00f1a de trigo. Con nivel integrado, soporte para bol\u00edgrafo (bol\u00edgrafo incluido) y bloc con 12 notas adhesivas en color natural. Con freno, clip met\u00e1lico para cintur\u00f3n y hoja con medidas en cent\u00edmetros y pulgadas. Presentaci\u00f3n en caja individual de dise\u00f1o kraft.La ca\u00f1a de trigo fomenta la utilizaci\u00f3n de materias primas naturales, reduciendo as\u00ed las emisiones contaminantes.<\/p>","protected":false},"excerpt":{"rendered":"<p>12 Notas Adhesivas 4,5 x 4,5 cm. Con Freno y Clip. Bol\u00edgrafo Incluido<\/p>","protected":false},"featured_media":71130,"comment_status":"open","ping_status":"open","template":"","meta":{"inline_featured_image":false},"product_brand":[],"product_cat":[122,110],"product_tag":[],"class_list":{"0":"post-40762","1":"product","2":"type-product","3":"status-publish","4":"has-post-thumbnail","6":"product_cat-articulos-sostenibles","7":"product_cat-herramientas-brico-y-automovil","9":"first","10":"instock","11":"taxable","12":"shipping-taxable","13":"purchasable","14":"product-type-variable","15":"has-default-attributes"},"aioseo_notices":[],"_links":{"self":[{"href":"https:\/\/imprimeideas.es\/en\/wp-json\/wp\/v2\/product\/40762","targetHints":{"allow":["GET"]}}],"collection":[{"href":"https:\/\/imprimeideas.es\/en\/wp-json\/wp\/v2\/product"}],"about":[{"href":"https:\/\/imprimeideas.es\/en\/wp-json\/wp\/v2\/types\/product"}],"replies":[{"embeddable":true,"href":"https:\/\/imprimeideas.es\/en\/wp-json\/wp\/v2\/comments?post=40762"}],"version-history":[{"count":1,"href":"https:\/\/imprimeideas.es\/en\/wp-json\/wp\/v2\/product\/40762\/revisions"}],"predecessor-version":[{"id":54559,"href":"https:\/\/imprimeideas.es\/en\/wp-json\/wp\/v2\/product\/40762\/revisions\/54559"}],"wp:featuredmedia":[{"embeddable":true,"href":"https:\/\/imprimeideas.es\/en\/wp-json\/wp\/v2\/media\/71130"}],"wp:attachment":[{"href":"https:\/\/imprimeideas.es\/en\/wp-json\/wp\/v2\/media?parent=40762"}],"wp:term":[{"taxonomy":"product_brand","embeddable":true,"href":"https:\/\/imprimeideas.es\/en\/wp-json\/wp\/v2\/product_brand?post=40762"},{"taxonomy":"product_cat","embeddable":true,"href":"https:\/\/imprimeideas.es\/en\/wp-json\/wp\/v2\/product_cat?post=40762"},{"taxonomy":"product_tag","embeddable":true,"href":"https:\/\/imprimeideas.es\/en\/wp-json\/wp\/v2\/product_tag?post=40762"}],"curies":[{"name":"wp","href":"https:\/\/api.w.org\/{rel}","templated":true}]}}