{"id":40758,"date":"2026-02-24T11:23:30","date_gmt":"2026-02-24T10:23:30","guid":{"rendered":"https:\/\/imprimeideas.es\/?post_type=product&p=40758"},"modified":"2026-02-26T18:19:26","modified_gmt":"2026-02-26T17:19:26","slug":"set-vinos-zerquen","status":"publish","type":"product","link":"https:\/\/imprimeideas.es\/en\/product\/set-vinos-zerquen\/","title":{"rendered":"Set Vinos Zerquen"},"content":{"rendered":"<p>Set de vinos de dise\u00f1o exclusivo Limited Edition, fabricado en acero inox de elegante acabado negro brillo. Incluye: -Sacacorchos\/abridor de 2 tiempos.-Recogegotas de dise\u00f1o.-Cortac\u00e1psulas con mecanismo a presi\u00f3n.Presentaci\u00f3n en estuche Limited Edition Experience, de dise\u00f1o \u00fanico y protegido por derechos de propiedad industrial. Incluida tarjeta en cart\u00f3n reciclado con descripci\u00f3n Limited Edition.De la perfecta combinaci\u00f3n entre exclusividad y dise\u00f1o nace Limited Edition, una colecci\u00f3n especial de ideas promocionales de edici\u00f3n limitada. Un nuevo concepto, inspirado en la fusi\u00f3n de art\u00edculos premium con las \u00faltimas tendencias, en tiradas de unidades limitadas, y ofreciendo una experiencia de regalo \u00fanica, exclusiva e inolvidable.<\/p>","protected":false},"excerpt":{"rendered":"<p>3 Accesorios<\/p>","protected":false},"featured_media":70734,"comment_status":"open","ping_status":"open","template":"","meta":{"inline_featured_image":false},"product_brand":[],"product_cat":[120],"product_tag":[],"class_list":{"0":"post-40758","1":"product","2":"type-product","3":"status-publish","4":"has-post-thumbnail","6":"product_cat-limited-edition","8":"first","9":"instock","10":"taxable","11":"shipping-taxable","12":"purchasable","13":"product-type-variable","14":"has-default-attributes"},"aioseo_notices":[],"_links":{"self":[{"href":"https:\/\/imprimeideas.es\/en\/wp-json\/wp\/v2\/product\/40758","targetHints":{"allow":["GET"]}}],"collection":[{"href":"https:\/\/imprimeideas.es\/en\/wp-json\/wp\/v2\/product"}],"about":[{"href":"https:\/\/imprimeideas.es\/en\/wp-json\/wp\/v2\/types\/product"}],"replies":[{"embeddable":true,"href":"https:\/\/imprimeideas.es\/en\/wp-json\/wp\/v2\/comments?post=40758"}],"version-history":[{"count":1,"href":"https:\/\/imprimeideas.es\/en\/wp-json\/wp\/v2\/product\/40758\/revisions"}],"predecessor-version":[{"id":54557,"href":"https:\/\/imprimeideas.es\/en\/wp-json\/wp\/v2\/product\/40758\/revisions\/54557"}],"wp:featuredmedia":[{"embeddable":true,"href":"https:\/\/imprimeideas.es\/en\/wp-json\/wp\/v2\/media\/70734"}],"wp:attachment":[{"href":"https:\/\/imprimeideas.es\/en\/wp-json\/wp\/v2\/media?parent=40758"}],"wp:term":[{"taxonomy":"product_brand","embeddable":true,"href":"https:\/\/imprimeideas.es\/en\/wp-json\/wp\/v2\/product_brand?post=40758"},{"taxonomy":"product_cat","embeddable":true,"href":"https:\/\/imprimeideas.es\/en\/wp-json\/wp\/v2\/product_cat?post=40758"},{"taxonomy":"product_tag","embeddable":true,"href":"https:\/\/imprimeideas.es\/en\/wp-json\/wp\/v2\/product_tag?post=40758"}],"curies":[{"name":"wp","href":"https:\/\/api.w.org\/{rel}","templated":true}]}}