{"id":40753,"date":"2026-02-24T11:23:30","date_gmt":"2026-02-24T10:23:30","guid":{"rendered":"https:\/\/imprimeideas.es\/?post_type=product&p=40753"},"modified":"2026-02-26T18:23:19","modified_gmt":"2026-02-26T17:23:19","slug":"gafas-sol-thezin","status":"publish","type":"product","link":"https:\/\/imprimeideas.es\/en\/product\/gafas-sol-thezin\/","title":{"rendered":"Gafas Sol Thezin"},"content":{"rendered":"<p>Gafas de sol de dise\u00f1o exclusivo Limited Edition. Montura y patillas fabricadas en bamb\u00fa, de elegante dise\u00f1o y con lentes efecto espejo. Incluida bolsita de transporte con cierre de cord\u00f3n. Protecci\u00f3n UV 400.Presentaci\u00f3n en estuche Limited Edition Experience, de dise\u00f1o \u00fanico y protegido por derechos de propiedad industrial. Incluida tarjeta en cart\u00f3n reciclado con descripci\u00f3n Limited Edition.De la perfecta combinaci\u00f3n entre exclusividad y dise\u00f1o nace Limited Edition, una colecci\u00f3n especial de ideas promocionales de edici\u00f3n limitada. Un nuevo concepto, inspirado en la fusi\u00f3n de art\u00edculos premium con las \u00faltimas tendencias, en tiradas de unidades limitadas, y ofreciendo una experiencia de regalo \u00fanica, exclusiva e inolvidable.<\/p>","protected":false},"excerpt":{"rendered":"<p>Lentes Efecto Espejo. Protecci\u00f3n UV400. Funda Poli\u00e9ster<\/p>","protected":false},"featured_media":80559,"comment_status":"open","ping_status":"open","template":"","meta":{"inline_featured_image":false},"product_brand":[],"product_cat":[122,120,114],"product_tag":[],"class_list":{"0":"post-40753","1":"product","2":"type-product","3":"status-publish","4":"has-post-thumbnail","6":"product_cat-articulos-sostenibles","7":"product_cat-limited-edition","8":"product_cat-verano-y-playa","10":"first","11":"instock","12":"taxable","13":"shipping-taxable","14":"purchasable","15":"product-type-variable","16":"has-default-attributes"},"aioseo_notices":[],"_links":{"self":[{"href":"https:\/\/imprimeideas.es\/en\/wp-json\/wp\/v2\/product\/40753","targetHints":{"allow":["GET"]}}],"collection":[{"href":"https:\/\/imprimeideas.es\/en\/wp-json\/wp\/v2\/product"}],"about":[{"href":"https:\/\/imprimeideas.es\/en\/wp-json\/wp\/v2\/types\/product"}],"replies":[{"embeddable":true,"href":"https:\/\/imprimeideas.es\/en\/wp-json\/wp\/v2\/comments?post=40753"}],"version-history":[{"count":1,"href":"https:\/\/imprimeideas.es\/en\/wp-json\/wp\/v2\/product\/40753\/revisions"}],"predecessor-version":[{"id":54554,"href":"https:\/\/imprimeideas.es\/en\/wp-json\/wp\/v2\/product\/40753\/revisions\/54554"}],"wp:featuredmedia":[{"embeddable":true,"href":"https:\/\/imprimeideas.es\/en\/wp-json\/wp\/v2\/media\/80559"}],"wp:attachment":[{"href":"https:\/\/imprimeideas.es\/en\/wp-json\/wp\/v2\/media?parent=40753"}],"wp:term":[{"taxonomy":"product_brand","embeddable":true,"href":"https:\/\/imprimeideas.es\/en\/wp-json\/wp\/v2\/product_brand?post=40753"},{"taxonomy":"product_cat","embeddable":true,"href":"https:\/\/imprimeideas.es\/en\/wp-json\/wp\/v2\/product_cat?post=40753"},{"taxonomy":"product_tag","embeddable":true,"href":"https:\/\/imprimeideas.es\/en\/wp-json\/wp\/v2\/product_tag?post=40753"}],"curies":[{"name":"wp","href":"https:\/\/api.w.org\/{rel}","templated":true}]}}