{"id":40713,"date":"2026-02-24T11:23:25","date_gmt":"2026-02-24T10:23:25","guid":{"rendered":"https:\/\/imprimeideas.es\/?post_type=product&p=40713"},"modified":"2026-02-26T18:23:18","modified_gmt":"2026-02-26T17:23:18","slug":"gafas-sol-poren","status":"publish","type":"product","link":"https:\/\/imprimeideas.es\/en\/product\/gafas-sol-poren\/","title":{"rendered":"Gafas Sol Poren"},"content":{"rendered":"<p>Gafas de sol de l\u00ednea nature con protecci\u00f3n UV 400. Fabricadas en RPET, con montura de dise\u00f1o y lentes efecto espejo. Disponibles en varios colores, con distintivo RPET inyectado en el molde de la patilla izquierda. Presentaci\u00f3n en bolsa individual de dise\u00f1o eco.El material RPET se elabora a partir de pl\u00e1stico reciclado, para as\u00ed fomentar la reutilizaci\u00f3n de residuos pl\u00e1sticos y ayudar a la sostenibilidad del planeta.<\/p>","protected":false},"excerpt":{"rendered":"<p>Lentes Efecto Espejo. Protecci\u00f3n UV400<\/p>","protected":false},"featured_media":67452,"comment_status":"open","ping_status":"open","template":"","meta":{"inline_featured_image":false},"product_brand":[],"product_cat":[122,106,114],"product_tag":[],"class_list":{"0":"post-40713","1":"product","2":"type-product","3":"status-publish","4":"has-post-thumbnail","6":"product_cat-articulos-sostenibles","7":"product_cat-regalos-y-premiums","8":"product_cat-verano-y-playa","10":"first","11":"instock","12":"taxable","13":"shipping-taxable","14":"purchasable","15":"product-type-variable","16":"has-default-attributes"},"aioseo_notices":[],"_links":{"self":[{"href":"https:\/\/imprimeideas.es\/en\/wp-json\/wp\/v2\/product\/40713","targetHints":{"allow":["GET"]}}],"collection":[{"href":"https:\/\/imprimeideas.es\/en\/wp-json\/wp\/v2\/product"}],"about":[{"href":"https:\/\/imprimeideas.es\/en\/wp-json\/wp\/v2\/types\/product"}],"replies":[{"embeddable":true,"href":"https:\/\/imprimeideas.es\/en\/wp-json\/wp\/v2\/comments?post=40713"}],"version-history":[{"count":1,"href":"https:\/\/imprimeideas.es\/en\/wp-json\/wp\/v2\/product\/40713\/revisions"}],"predecessor-version":[{"id":54546,"href":"https:\/\/imprimeideas.es\/en\/wp-json\/wp\/v2\/product\/40713\/revisions\/54546"}],"wp:featuredmedia":[{"embeddable":true,"href":"https:\/\/imprimeideas.es\/en\/wp-json\/wp\/v2\/media\/67452"}],"wp:attachment":[{"href":"https:\/\/imprimeideas.es\/en\/wp-json\/wp\/v2\/media?parent=40713"}],"wp:term":[{"taxonomy":"product_brand","embeddable":true,"href":"https:\/\/imprimeideas.es\/en\/wp-json\/wp\/v2\/product_brand?post=40713"},{"taxonomy":"product_cat","embeddable":true,"href":"https:\/\/imprimeideas.es\/en\/wp-json\/wp\/v2\/product_cat?post=40713"},{"taxonomy":"product_tag","embeddable":true,"href":"https:\/\/imprimeideas.es\/en\/wp-json\/wp\/v2\/product_tag?post=40713"}],"curies":[{"name":"wp","href":"https:\/\/api.w.org\/{rel}","templated":true}]}}