{"id":40708,"date":"2026-02-24T11:23:25","date_gmt":"2026-02-24T10:23:25","guid":{"rendered":"https:\/\/imprimeideas.es\/?post_type=product&p=40708"},"modified":"2026-02-26T18:13:53","modified_gmt":"2026-02-26T17:13:53","slug":"gafas-sol-prakay","status":"publish","type":"product","link":"https:\/\/imprimeideas.es\/en\/product\/gafas-sol-prakay\/","title":{"rendered":"Gafas Sol Prakay"},"content":{"rendered":"<p>Gafas de sol de l\u00ednea nature con protecci\u00f3n UV 400. Montura fabricada en fibra de caf\u00e9 y patillas en madera natural a juego, con lentes en tono marr\u00f3n. Distintivo fibra de caf\u00e9 inyectado en molde de patilla izquierda. Presentaci\u00f3n en caja individual de dise\u00f1o kraft.La fibra de caf\u00e9 es una soluci\u00f3n circular que se obtiene de la utilizaci\u00f3n de los residuos producidos en la obtenci\u00f3n del caf\u00e9. Una alternativa sostenible que favorece la reducci\u00f3n del uso de pl\u00e1sticos, ahorrando energ\u00eda en su proceso de fabricaci\u00f3n y contribuyendo al cuidado del medio ambiente.<\/p>","protected":false},"excerpt":{"rendered":"<p>Protecci\u00f3n UV400<\/p>","protected":false},"featured_media":82611,"comment_status":"open","ping_status":"open","template":"","meta":{"inline_featured_image":false},"product_brand":[],"product_cat":[122,106,114],"product_tag":[],"class_list":{"0":"post-40708","1":"product","2":"type-product","3":"status-publish","4":"has-post-thumbnail","6":"product_cat-articulos-sostenibles","7":"product_cat-regalos-y-premiums","8":"product_cat-verano-y-playa","10":"first","11":"instock","12":"taxable","13":"shipping-taxable","14":"purchasable","15":"product-type-variable","16":"has-default-attributes"},"aioseo_notices":[],"_links":{"self":[{"href":"https:\/\/imprimeideas.es\/en\/wp-json\/wp\/v2\/product\/40708","targetHints":{"allow":["GET"]}}],"collection":[{"href":"https:\/\/imprimeideas.es\/en\/wp-json\/wp\/v2\/product"}],"about":[{"href":"https:\/\/imprimeideas.es\/en\/wp-json\/wp\/v2\/types\/product"}],"replies":[{"embeddable":true,"href":"https:\/\/imprimeideas.es\/en\/wp-json\/wp\/v2\/comments?post=40708"}],"version-history":[{"count":1,"href":"https:\/\/imprimeideas.es\/en\/wp-json\/wp\/v2\/product\/40708\/revisions"}],"predecessor-version":[{"id":54544,"href":"https:\/\/imprimeideas.es\/en\/wp-json\/wp\/v2\/product\/40708\/revisions\/54544"}],"wp:featuredmedia":[{"embeddable":true,"href":"https:\/\/imprimeideas.es\/en\/wp-json\/wp\/v2\/media\/82611"}],"wp:attachment":[{"href":"https:\/\/imprimeideas.es\/en\/wp-json\/wp\/v2\/media?parent=40708"}],"wp:term":[{"taxonomy":"product_brand","embeddable":true,"href":"https:\/\/imprimeideas.es\/en\/wp-json\/wp\/v2\/product_brand?post=40708"},{"taxonomy":"product_cat","embeddable":true,"href":"https:\/\/imprimeideas.es\/en\/wp-json\/wp\/v2\/product_cat?post=40708"},{"taxonomy":"product_tag","embeddable":true,"href":"https:\/\/imprimeideas.es\/en\/wp-json\/wp\/v2\/product_tag?post=40708"}],"curies":[{"name":"wp","href":"https:\/\/api.w.org\/{rel}","templated":true}]}}